{"id":977,"date":"2024-07-23T17:43:14","date_gmt":"2024-07-23T17:43:14","guid":{"rendered":"https:\/\/insaneumatica.com\/?post_type=product&#038;p=977"},"modified":"2024-08-01T17:53:26","modified_gmt":"2024-08-01T17:53:26","slug":"cp-8626-pack-36v","status":"publish","type":"product","link":"https:\/\/insaneumatica.com\/index.php\/producto\/cp-8626-pack-36v\/","title":{"rendered":"CP 8626 PACK 36V"},"content":{"rendered":"","protected":false},"excerpt":{"rendered":"<p>Llave de torque controlado de \u00be\u00b4\u00b4 y 1\u00b4\u00b4 desde 700 Nm \/ 520 ft. lb hasta 2600 Nm \/ 1910 ft. lb con alta precisi\u00f3n (+\/- 4%) y manejo intuitivo en pantalla digital de la herramienta.<\/p>\n<p>Alta precisi\u00f3n con +\/- 4%<br \/>\nApriete seguro con segundo bot\u00f3n de arranque de serie.<br \/>\nMovilidad extendida con bater\u00eda ligera y compacta.<br \/>\nBrazo de reacci\u00f3n de liberaci\u00f3n autom\u00e1tica.<br \/>\nManejo intuitivo ya sea en la pantalla digital OLED de la herramienta o mediante la aplicaci\u00f3n CPLinQ.<br \/>\nSistema bluetooth.<\/p>\n<p>Dimensiones: 60 x 50 x 40 cm<br \/>\nPeso: 16.6 kg<br \/>\nPeso de bater\u00eda: 0.8 kg<br \/>\nCapacidad de la bater\u00eda: 2.5 Ah.<\/p>\n","protected":false},"featured_media":794,"comment_status":"closed","ping_status":"closed","template":"","meta":{"_et_pb_use_builder":"","_et_pb_old_content":"","_et_gb_content_width":""},"product_cat":[28],"product_tag":[37],"class_list":{"0":"post-977","1":"product","2":"type-product","3":"status-publish","4":"has-post-thumbnail","6":"product_cat-herramientas-neumaticas","7":"product_tag-chicago-pneumatic","9":"first","10":"instock","11":"shipping-taxable","12":"product-type-simple"},"_links":{"self":[{"href":"https:\/\/insaneumatica.com\/index.php\/wp-json\/wp\/v2\/product\/977","targetHints":{"allow":["GET"]}}],"collection":[{"href":"https:\/\/insaneumatica.com\/index.php\/wp-json\/wp\/v2\/product"}],"about":[{"href":"https:\/\/insaneumatica.com\/index.php\/wp-json\/wp\/v2\/types\/product"}],"replies":[{"embeddable":true,"href":"https:\/\/insaneumatica.com\/index.php\/wp-json\/wp\/v2\/comments?post=977"}],"wp:featuredmedia":[{"embeddable":true,"href":"https:\/\/insaneumatica.com\/index.php\/wp-json\/wp\/v2\/media\/794"}],"wp:attachment":[{"href":"https:\/\/insaneumatica.com\/index.php\/wp-json\/wp\/v2\/media?parent=977"}],"wp:term":[{"taxonomy":"product_cat","embeddable":true,"href":"https:\/\/insaneumatica.com\/index.php\/wp-json\/wp\/v2\/product_cat?post=977"},{"taxonomy":"product_tag","embeddable":true,"href":"https:\/\/insaneumatica.com\/index.php\/wp-json\/wp\/v2\/product_tag?post=977"}],"curies":[{"name":"wp","href":"https:\/\/api.w.org\/{rel}","templated":true}]}}