{"id":94,"date":"2024-02-08T23:23:42","date_gmt":"2024-02-08T23:23:42","guid":{"rendered":"https:\/\/insaneumatica.com\/?post_type=product&#038;p=94"},"modified":"2024-06-25T11:26:27","modified_gmt":"2024-06-25T11:26:27","slug":"compresor-a-piston-cpw-40-a-60-cfm","status":"publish","type":"product","link":"https:\/\/insaneumatica.com\/index.php\/producto\/compresor-a-piston-cpw-40-a-60-cfm\/","title":{"rendered":"SECADORA SUNWIN PSW-1 HTF"},"content":{"rendered":"<p><span style=\"font-weight: 400\">El secador de aire comprimido refrigerado est\u00e1 de acuerdo con el principio de deshumidificaci\u00f3n congelada, obliga al aire comprimido a pasar por el evaporador para hacer un intercambio de calor para enfriar, despu\u00e9s de que el agua gaseosa y el aceite en el aire comprimido se enfr\u00eden a la misma presi\u00f3n. <\/span><span style=\"font-weight: 400\"><br \/>\n<\/span><span style=\"font-weight: 400\">Caracter\u00edsticas:<\/span><\/p>\n<ul>\n<li style=\"font-weight: 400\"><span style=\"font-weight: 400\">Instalado para compresor de tornillo 11KW 15HP.<\/span><\/li>\n<\/ul>\n<ul>\n<li style=\"font-weight: 400\"><span style=\"font-weight: 400\">Carcasa exterior de acero inoxidable, buen efecto anticorrosi\u00f3n.<\/span><\/li>\n<\/ul>\n<ul>\n<li style=\"font-weight: 400\"><span style=\"font-weight: 400\">Refrigerante ecol\u00f3gico con R410A.<\/span><\/li>\n<\/ul>\n<ul>\n<li style=\"font-weight: 400\"><span style=\"font-weight: 400\">Las tuber\u00edas del evaporador engrosadas hacen que los secadores sean m\u00e1s estables.<\/span><\/li>\n<\/ul>\n<p><span style=\"font-weight: 400\">Capacidad (Nm3\/min) : 1.2<br \/>\n<\/span><span style=\"font-weight: 400\">Potencia (Kw): 0.85<\/span><span style=\"font-weight: 400\"><br \/>\n<\/span><span style=\"font-weight: 400\">Peso: 50 Kg<\/span><span style=\"font-weight: 400\"><br \/>\n<\/span><span style=\"font-weight: 400\">Dimensiones (LWH): 630*450*640.<\/span><\/p>\n","protected":false},"excerpt":{"rendered":"<p><span style=\"font-weight: 400\">El secador de aire comprimido refrigerado est\u00e1 de acuerdo con el principio de deshumidificaci\u00f3n congelada, obliga al aire comprimido a pasar por el evaporador para hacer un intercambio de calor para enfriar, despu\u00e9s de que el agua gaseosa y el aceite en el aire comprimido se enfr\u00eden a la misma presi\u00f3n. <\/span><span style=\"font-weight: 400\"><br \/>\n<\/span><span style=\"font-weight: 400\">Caracter\u00edsticas:<\/span><\/p>\n<ul>\n<li style=\"font-weight: 400\"><span style=\"font-weight: 400\">Instalado para compresor de tornillo 11KW 15HP.<\/span><\/li>\n<\/ul>\n<ul>\n<li style=\"font-weight: 400\"><span style=\"font-weight: 400\">Carcasa exterior de acero inoxidable, buen efecto anticorrosi\u00f3n.<\/span><\/li>\n<\/ul>\n<ul>\n<li style=\"font-weight: 400\"><span style=\"font-weight: 400\">Refrigerante ecol\u00f3gico con R410A.<\/span><\/li>\n<\/ul>\n<ul>\n<li style=\"font-weight: 400\"><span style=\"font-weight: 400\">Las tuber\u00edas del evaporador engrosadas hacen que los secadores sean m\u00e1s estables.<\/span><\/li>\n<\/ul>\n<p><span style=\"font-weight: 400\">Capacidad (Nm3\/min) : 1.2<br \/>\n<\/span><span style=\"font-weight: 400\">Potencia (Kw): 0.85<\/span><span style=\"font-weight: 400\"><br \/>\n<\/span><span style=\"font-weight: 400\">Peso: 50 Kg<\/span><span style=\"font-weight: 400\"><br \/>\n<\/span><span style=\"font-weight: 400\">Dimensiones (LWH): 630*450*640.<\/span><\/p>\n","protected":false},"featured_media":326,"comment_status":"open","ping_status":"closed","template":"","meta":{"_et_pb_use_builder":"","_et_pb_old_content":"","_et_gb_content_width":""},"product_cat":[29],"product_tag":[],"class_list":{"0":"post-94","1":"product","2":"type-product","3":"status-publish","4":"has-post-thumbnail","6":"product_cat-secadoras-aire","8":"first","9":"instock","10":"shipping-taxable","11":"product-type-simple"},"_links":{"self":[{"href":"https:\/\/insaneumatica.com\/index.php\/wp-json\/wp\/v2\/product\/94","targetHints":{"allow":["GET"]}}],"collection":[{"href":"https:\/\/insaneumatica.com\/index.php\/wp-json\/wp\/v2\/product"}],"about":[{"href":"https:\/\/insaneumatica.com\/index.php\/wp-json\/wp\/v2\/types\/product"}],"replies":[{"embeddable":true,"href":"https:\/\/insaneumatica.com\/index.php\/wp-json\/wp\/v2\/comments?post=94"}],"wp:featuredmedia":[{"embeddable":true,"href":"https:\/\/insaneumatica.com\/index.php\/wp-json\/wp\/v2\/media\/326"}],"wp:attachment":[{"href":"https:\/\/insaneumatica.com\/index.php\/wp-json\/wp\/v2\/media?parent=94"}],"wp:term":[{"taxonomy":"product_cat","embeddable":true,"href":"https:\/\/insaneumatica.com\/index.php\/wp-json\/wp\/v2\/product_cat?post=94"},{"taxonomy":"product_tag","embeddable":true,"href":"https:\/\/insaneumatica.com\/index.php\/wp-json\/wp\/v2\/product_tag?post=94"}],"curies":[{"name":"wp","href":"https:\/\/api.w.org\/{rel}","templated":true}]}}