{"id":866,"date":"2024-07-12T13:25:40","date_gmt":"2024-07-12T13:25:40","guid":{"rendered":"https:\/\/insaneumatica.com\/?post_type=product&#038;p=866"},"modified":"2024-08-01T17:57:33","modified_gmt":"2024-08-01T17:57:33","slug":"azul-fusion-polimex","status":"publish","type":"product","link":"https:\/\/insaneumatica.com\/index.php\/producto\/azul-fusion-polimex\/","title":{"rendered":"Azul fusi\u00f3n (Polimex)"},"content":{"rendered":"<p><span style=\"font-weight: 400\">El sistema m\u00e1s completo, de 16 a 110 mm. Ideal para nuevas instalaciones con tecnolog\u00eda avanzada. Con una familia de conexiones que constituye la m\u00e1s completa l\u00ednea del mercado. Con piezas exclusivas, de acero inoxidable,\u00a0 m\u00e1s pr\u00e1cticas y seguras llaves esf\u00e9ricas desarmables, accesorios con tuerca m\u00f3vil, accesorios con extremo fusi\u00f3n macho, etc.<\/span><span style=\"font-weight: 400\"><br \/>\n<\/span><span style=\"font-weight: 400\">Tubos, conectores e insumos para el armado de l\u00ednea de aire en termofusi\u00f3n.<br \/>\n<\/span><span style=\"font-weight: 400\">Variedad de medidas seg\u00fan los requerimientos.<\/span><\/p>\n","protected":false},"excerpt":{"rendered":"<p><span style=\"font-weight: 400\">El sistema m\u00e1s completo, de 16 a 110 mm. Ideal para nuevas instalaciones con tecnolog\u00eda avanzada. Con una familia de conexiones que constituye la m\u00e1s completa l\u00ednea del mercado. Con piezas exclusivas, de acero inoxidable,\u00a0 m\u00e1s pr\u00e1cticas y seguras llaves esf\u00e9ricas desarmables, accesorios con tuerca m\u00f3vil, accesorios con extremo fusi\u00f3n macho, etc.<\/span><span style=\"font-weight: 400\"><br \/>\n<\/span><span style=\"font-weight: 400\">Tubos, conectores e insumos para el armado de l\u00ednea de aire en termofusi\u00f3n.<br \/>\n<\/span><span style=\"font-weight: 400\">Variedad de medidas seg\u00fan los requerimientos.<\/span><\/p>\n","protected":false},"featured_media":885,"comment_status":"closed","ping_status":"closed","template":"","meta":{"_et_pb_use_builder":"","_et_pb_old_content":"","_et_gb_content_width":""},"product_cat":[47],"product_tag":[],"class_list":{"0":"post-866","1":"product","2":"type-product","3":"status-publish","4":"has-post-thumbnail","6":"product_cat-linea-de-aire","8":"first","9":"instock","10":"shipping-taxable","11":"product-type-simple"},"_links":{"self":[{"href":"https:\/\/insaneumatica.com\/index.php\/wp-json\/wp\/v2\/product\/866","targetHints":{"allow":["GET"]}}],"collection":[{"href":"https:\/\/insaneumatica.com\/index.php\/wp-json\/wp\/v2\/product"}],"about":[{"href":"https:\/\/insaneumatica.com\/index.php\/wp-json\/wp\/v2\/types\/product"}],"replies":[{"embeddable":true,"href":"https:\/\/insaneumatica.com\/index.php\/wp-json\/wp\/v2\/comments?post=866"}],"wp:featuredmedia":[{"embeddable":true,"href":"https:\/\/insaneumatica.com\/index.php\/wp-json\/wp\/v2\/media\/885"}],"wp:attachment":[{"href":"https:\/\/insaneumatica.com\/index.php\/wp-json\/wp\/v2\/media?parent=866"}],"wp:term":[{"taxonomy":"product_cat","embeddable":true,"href":"https:\/\/insaneumatica.com\/index.php\/wp-json\/wp\/v2\/product_cat?post=866"},{"taxonomy":"product_tag","embeddable":true,"href":"https:\/\/insaneumatica.com\/index.php\/wp-json\/wp\/v2\/product_tag?post=866"}],"curies":[{"name":"wp","href":"https:\/\/api.w.org\/{rel}","templated":true}]}}