{"id":858,"date":"2024-07-12T12:47:18","date_gmt":"2024-07-12T12:47:18","guid":{"rendered":"https:\/\/insaneumatica.com\/?post_type=product&#038;p=858"},"modified":"2024-08-01T18:03:40","modified_gmt":"2024-08-01T18:03:40","slug":"purga-electronica","status":"publish","type":"product","link":"https:\/\/insaneumatica.com\/index.php\/producto\/purga-electronica\/","title":{"rendered":"Purga electr\u00f3nica"},"content":{"rendered":"<p><span style=\"font-weight: 400\">Este modelo de purga combina un drenaje controlado por temporizador electr\u00f3nico ajustable, una v\u00e1lvula esf\u00e9rica y un filtro de malla en un paquete compacto y f\u00e1cil de instalar.<\/span><\/p>\n<ul>\n<li style=\"font-weight: 400\"><span style=\"font-weight: 400\">Filtro de malla integrado, que ofrece protecci\u00f3n a la v\u00e1lvula y filtrado de las part\u00edculas m\u00e1s grandes que se encuentran en el condensado.<\/span><\/li>\n<li style=\"font-weight: 400\"><span style=\"font-weight: 400\">Llave esf\u00e9rica con cierre f\u00e1cil para el mantenimiento de rutina.<\/span><\/li>\n<\/ul>\n","protected":false},"excerpt":{"rendered":"<p><span style=\"font-weight: 400\">Este modelo de purga combina un drenaje controlado por temporizador electr\u00f3nico ajustable, una v\u00e1lvula esf\u00e9rica y un filtro de malla en un paquete compacto y f\u00e1cil de instalar.<\/span><\/p>\n<ul>\n<li style=\"font-weight: 400\"><span style=\"font-weight: 400\">Filtro de malla integrado, que ofrece protecci\u00f3n a la v\u00e1lvula y filtrado de las part\u00edculas m\u00e1s grandes que se encuentran en el condensado.<\/span><\/li>\n<li style=\"font-weight: 400\"><span style=\"font-weight: 400\">Llave esf\u00e9rica con cierre f\u00e1cil para el mantenimiento de rutina.<\/span><\/li>\n<\/ul>\n","protected":false},"featured_media":854,"comment_status":"closed","ping_status":"closed","template":"","meta":{"_et_pb_use_builder":"","_et_pb_old_content":"","_et_gb_content_width":""},"product_cat":[46],"product_tag":[],"class_list":{"0":"post-858","1":"product","2":"type-product","3":"status-publish","4":"has-post-thumbnail","6":"product_cat-insumos-varios","8":"first","9":"instock","10":"shipping-taxable","11":"product-type-simple"},"_links":{"self":[{"href":"https:\/\/insaneumatica.com\/index.php\/wp-json\/wp\/v2\/product\/858","targetHints":{"allow":["GET"]}}],"collection":[{"href":"https:\/\/insaneumatica.com\/index.php\/wp-json\/wp\/v2\/product"}],"about":[{"href":"https:\/\/insaneumatica.com\/index.php\/wp-json\/wp\/v2\/types\/product"}],"replies":[{"embeddable":true,"href":"https:\/\/insaneumatica.com\/index.php\/wp-json\/wp\/v2\/comments?post=858"}],"wp:featuredmedia":[{"embeddable":true,"href":"https:\/\/insaneumatica.com\/index.php\/wp-json\/wp\/v2\/media\/854"}],"wp:attachment":[{"href":"https:\/\/insaneumatica.com\/index.php\/wp-json\/wp\/v2\/media?parent=858"}],"wp:term":[{"taxonomy":"product_cat","embeddable":true,"href":"https:\/\/insaneumatica.com\/index.php\/wp-json\/wp\/v2\/product_cat?post=858"},{"taxonomy":"product_tag","embeddable":true,"href":"https:\/\/insaneumatica.com\/index.php\/wp-json\/wp\/v2\/product_tag?post=858"}],"curies":[{"name":"wp","href":"https:\/\/api.w.org\/{rel}","templated":true}]}}