{"id":848,"date":"2024-07-12T12:43:42","date_gmt":"2024-07-12T12:43:42","guid":{"rendered":"https:\/\/insaneumatica.com\/?post_type=product&#038;p=848"},"modified":"2024-08-01T18:05:29","modified_gmt":"2024-08-01T18:05:29","slug":"purga-mecanica","status":"publish","type":"product","link":"https:\/\/insaneumatica.com\/index.php\/producto\/purga-mecanica\/","title":{"rendered":"Purga mec\u00e1nica"},"content":{"rendered":"<p><span style=\"font-weight: 400\">El dise\u00f1o de purga mec\u00e1nica de bola flotante libre no necesita consumir electricidad para lograr un ahorro de costos para los clientes. <\/span><span style=\"font-weight: 400\">La carcasa del drenaje est\u00e1 hecha de aleaci\u00f3n de aluminio de grado A por fundici\u00f3n. La v\u00e1lvula de drenaje flotante tiene solidificaci\u00f3n por pulverizaci\u00f3n de superficie, gran compacidad y resistencia a la corrosi\u00f3n del aceite lubricante sint\u00e9tico del compresor de aire.<br \/>\n<\/span><span style=\"font-weight: 400\">Caracter\u00edsticas:<\/span><\/p>\n<ul>\n<li style=\"font-weight: 400\"><span style=\"font-weight: 400\">Ahorro valioso de aire comprimido.<\/span><\/li>\n<li style=\"font-weight: 400\"><span style=\"font-weight: 400\">Descarga eficaz de aire condensado.<\/span><\/li>\n<li style=\"font-weight: 400\"><span style=\"font-weight: 400\">Protege el equipo de los da\u00f1os causados \u200b\u200bpor la condensaci\u00f3n.<\/span><\/li>\n<li style=\"font-weight: 400\">Presi\u00f3n m\u00e1xima: 16 BAR<\/li>\n<li style=\"font-weight: 400\">Conexi\u00f3n de entrada: 1\/2<\/li>\n<\/ul>\n","protected":false},"excerpt":{"rendered":"<p><span style=\"font-weight: 400\">El dise\u00f1o de purga mec\u00e1nica de bola flotante libre no necesita consumir electricidad para lograr un ahorro de costos para los clientes. <\/span><span style=\"font-weight: 400\">La carcasa del drenaje est\u00e1 hecha de aleaci\u00f3n de aluminio de grado A por fundici\u00f3n. La v\u00e1lvula de drenaje flotante tiene solidificaci\u00f3n por pulverizaci\u00f3n de superficie, gran compacidad y resistencia a la corrosi\u00f3n del aceite lubricante sint\u00e9tico del compresor de aire.<br \/>\n<\/span><span style=\"font-weight: 400\">Caracter\u00edsticas:<\/span><\/p>\n<ul>\n<li style=\"font-weight: 400\"><span style=\"font-weight: 400\">Ahorro valioso de aire comprimido.<\/span><\/li>\n<li style=\"font-weight: 400\"><span style=\"font-weight: 400\">Descarga eficaz de aire condensado.<\/span><\/li>\n<li style=\"font-weight: 400\"><span style=\"font-weight: 400\">Protege el equipo de los da\u00f1os causados \u200b\u200bpor la condensaci\u00f3n.<\/span><\/li>\n<li style=\"font-weight: 400\">Presi\u00f3n m\u00e1xima: 16 BAR<\/li>\n<li style=\"font-weight: 400\">Conexi\u00f3n de entrada: 1\/2<\/li>\n<\/ul>\n","protected":false},"featured_media":849,"comment_status":"closed","ping_status":"closed","template":"","meta":{"_et_pb_use_builder":"","_et_pb_old_content":"","_et_gb_content_width":""},"product_cat":[46],"product_tag":[],"class_list":{"0":"post-848","1":"product","2":"type-product","3":"status-publish","4":"has-post-thumbnail","6":"product_cat-insumos-varios","8":"first","9":"instock","10":"shipping-taxable","11":"product-type-simple"},"_links":{"self":[{"href":"https:\/\/insaneumatica.com\/index.php\/wp-json\/wp\/v2\/product\/848","targetHints":{"allow":["GET"]}}],"collection":[{"href":"https:\/\/insaneumatica.com\/index.php\/wp-json\/wp\/v2\/product"}],"about":[{"href":"https:\/\/insaneumatica.com\/index.php\/wp-json\/wp\/v2\/types\/product"}],"replies":[{"embeddable":true,"href":"https:\/\/insaneumatica.com\/index.php\/wp-json\/wp\/v2\/comments?post=848"}],"wp:featuredmedia":[{"embeddable":true,"href":"https:\/\/insaneumatica.com\/index.php\/wp-json\/wp\/v2\/media\/849"}],"wp:attachment":[{"href":"https:\/\/insaneumatica.com\/index.php\/wp-json\/wp\/v2\/media?parent=848"}],"wp:term":[{"taxonomy":"product_cat","embeddable":true,"href":"https:\/\/insaneumatica.com\/index.php\/wp-json\/wp\/v2\/product_cat?post=848"},{"taxonomy":"product_tag","embeddable":true,"href":"https:\/\/insaneumatica.com\/index.php\/wp-json\/wp\/v2\/product_tag?post=848"}],"curies":[{"name":"wp","href":"https:\/\/api.w.org\/{rel}","templated":true}]}}