{"id":803,"date":"2024-07-08T12:36:24","date_gmt":"2024-07-08T12:36:24","guid":{"rendered":"https:\/\/insaneumatica.com\/?post_type=product&#038;p=803"},"modified":"2024-08-01T19:00:21","modified_gmt":"2024-08-01T19:00:21","slug":"cp7300-rc-taladro-neumatico-de-1-4","status":"publish","type":"product","link":"https:\/\/insaneumatica.com\/index.php\/producto\/cp7300-rc-taladro-neumatico-de-1-4\/","title":{"rendered":"CP7300 RC &#8211; Taladro neum\u00e1tico de 1\/4&#8243;"},"content":{"rendered":"<p><span style=\"font-weight: 400\">Dise\u00f1ada para talleres de carrocer\u00eda o aplicaciones de mantenimiento general como taladrado, bru\u00f1ido, escariado y aserrado de orificios, la serie CP 7300 \/CP928X\/CP978X\/CP979X ofrece una gran comodidad con su carcasa compuesta con empu\u00f1adura de goma termopl\u00e1stica, aletas en los lados derecho e izquierdo para guiar el dedo \u00edndice y escape de mango.\u00a0<\/span><\/p>\n<ul>\n<li style=\"font-weight: 400\"><span style=\"font-weight: 400\">Carcasa compuesta con empu\u00f1adura de goma termopl\u00e1stica y aletas en los lados derecho e izquierdo para una mayor comodidad del operador.<\/span><\/li>\n<li style=\"font-weight: 400\"><span style=\"font-weight: 400\">Gatillo de velocidad variable grande y v\u00e1lvula progresiva que permite un mayor control para comenzar los orificios.<\/span><\/li>\n<li style=\"font-weight: 400\"><span style=\"font-weight: 400\">Escape de mango que permite que el aire fluya lejos del operador.<\/span><\/li>\n<li style=\"font-weight: 400\"><span style=\"font-weight: 400\">Parte posterior plana para una mejor acci\u00f3n de empuje al perforar y roscar.<\/span><\/li>\n<\/ul>\n","protected":false},"excerpt":{"rendered":"<p><span style=\"font-weight: 400\">Dise\u00f1ada para talleres de carrocer\u00eda o aplicaciones de mantenimiento general como taladrado, bru\u00f1ido, escariado y aserrado de orificios, la serie CP 7300 \/CP928X\/CP978X\/CP979X ofrece una gran comodidad con su carcasa compuesta con empu\u00f1adura de goma termopl\u00e1stica, aletas en los lados derecho e izquierdo para guiar el dedo \u00edndice y escape de mango.\u00a0<\/span><\/p>\n<ul>\n<li style=\"font-weight: 400\"><span style=\"font-weight: 400\">Carcasa compuesta con empu\u00f1adura de goma termopl\u00e1stica y aletas en los lados derecho e izquierdo para una mayor comodidad del operador.<\/span><\/li>\n<li style=\"font-weight: 400\"><span style=\"font-weight: 400\">Gatillo de velocidad variable grande y v\u00e1lvula progresiva que permite un mayor control para comenzar los orificios.<\/span><\/li>\n<li style=\"font-weight: 400\"><span style=\"font-weight: 400\">Escape de mango que permite que el aire fluya lejos del operador.<\/span><\/li>\n<li style=\"font-weight: 400\"><span style=\"font-weight: 400\">Parte posterior plana para una mejor acci\u00f3n de empuje al perforar y roscar.<\/span><\/li>\n<\/ul>\n","protected":false},"featured_media":804,"comment_status":"closed","ping_status":"closed","template":"","meta":{"_et_pb_use_builder":"","_et_pb_old_content":"","_et_gb_content_width":""},"product_cat":[28],"product_tag":[37],"class_list":{"0":"post-803","1":"product","2":"type-product","3":"status-publish","4":"has-post-thumbnail","6":"product_cat-herramientas-neumaticas","7":"product_tag-chicago-pneumatic","9":"first","10":"instock","11":"shipping-taxable","12":"product-type-simple"},"_links":{"self":[{"href":"https:\/\/insaneumatica.com\/index.php\/wp-json\/wp\/v2\/product\/803","targetHints":{"allow":["GET"]}}],"collection":[{"href":"https:\/\/insaneumatica.com\/index.php\/wp-json\/wp\/v2\/product"}],"about":[{"href":"https:\/\/insaneumatica.com\/index.php\/wp-json\/wp\/v2\/types\/product"}],"replies":[{"embeddable":true,"href":"https:\/\/insaneumatica.com\/index.php\/wp-json\/wp\/v2\/comments?post=803"}],"wp:featuredmedia":[{"embeddable":true,"href":"https:\/\/insaneumatica.com\/index.php\/wp-json\/wp\/v2\/media\/804"}],"wp:attachment":[{"href":"https:\/\/insaneumatica.com\/index.php\/wp-json\/wp\/v2\/media?parent=803"}],"wp:term":[{"taxonomy":"product_cat","embeddable":true,"href":"https:\/\/insaneumatica.com\/index.php\/wp-json\/wp\/v2\/product_cat?post=803"},{"taxonomy":"product_tag","embeddable":true,"href":"https:\/\/insaneumatica.com\/index.php\/wp-json\/wp\/v2\/product_tag?post=803"}],"curies":[{"name":"wp","href":"https:\/\/api.w.org\/{rel}","templated":true}]}}