{"id":797,"date":"2024-07-08T12:29:43","date_gmt":"2024-07-08T12:29:43","guid":{"rendered":"https:\/\/insaneumatica.com\/?post_type=product&#038;p=797"},"modified":"2024-08-01T19:03:19","modified_gmt":"2024-08-01T19:03:19","slug":"cp9882-remachadora","status":"publish","type":"product","link":"https:\/\/insaneumatica.com\/index.php\/producto\/cp9882-remachadora\/","title":{"rendered":"CP9882 &#8211; Remachadora"},"content":{"rendered":"<p><span style=\"font-weight: 400\">Para los operadores que trabajan en talleres de carrocer\u00eda o aplicaciones de mantenimiento general como paneles de remolques, placas de matr\u00edcula y cualquier tipo de mantenimiento de paneles que buscan remachadoras confiables y f\u00e1ciles de usar, la serie CP9882 es la remachadora neum\u00e1tica que necesitan.<\/span><\/p>\n<ul>\n<li style=\"font-weight: 400\"><span style=\"font-weight: 400\">Capacidad m\u00e1xima de 3\/16&#8243; (4,8 mm) (para remaches en aluminio, cobre y materiales m\u00e1s blandos).<\/span><\/li>\n<li style=\"font-weight: 400\"><span style=\"font-weight: 400\">Tracci\u00f3n pesada: hasta 2200 libras (1000 kg).<\/span><\/li>\n<li style=\"font-weight: 400\"><span style=\"font-weight: 400\">Recipiente transparente con orificios para soltar r\u00e1pidamente los extremos de los remaches.<\/span><\/li>\n<li style=\"font-weight: 400\"><span style=\"font-weight: 400\">Incluye: boquillas para remaches de 3\/32&#8243;, 1\/8&#8243;, 5\/32&#8243; y 3\/16&#8243; (2,4, 3,2, 4 y 4,8 mm).<\/span><\/li>\n<\/ul>\n","protected":false},"excerpt":{"rendered":"<p><span style=\"font-weight: 400\">Para los operadores que trabajan en talleres de carrocer\u00eda o aplicaciones de mantenimiento general como paneles de remolques, placas de matr\u00edcula y cualquier tipo de mantenimiento de paneles que buscan remachadoras confiables y f\u00e1ciles de usar, la serie CP9882 es la remachadora neum\u00e1tica que necesitan.<\/span><\/p>\n<ul>\n<li style=\"font-weight: 400\"><span style=\"font-weight: 400\">Capacidad m\u00e1xima de 3\/16&#8243; (4,8 mm) (para remaches en aluminio, cobre y materiales m\u00e1s blandos).<\/span><\/li>\n<li style=\"font-weight: 400\"><span style=\"font-weight: 400\">Tracci\u00f3n pesada: hasta 2200 libras (1000 kg).<\/span><\/li>\n<li style=\"font-weight: 400\"><span style=\"font-weight: 400\">Recipiente transparente con orificios para soltar r\u00e1pidamente los extremos de los remaches.<\/span><\/li>\n<li style=\"font-weight: 400\"><span style=\"font-weight: 400\">Incluye: boquillas para remaches de 3\/32&#8243;, 1\/8&#8243;, 5\/32&#8243; y 3\/16&#8243; (2,4, 3,2, 4 y 4,8 mm).<\/span><\/li>\n<\/ul>\n","protected":false},"featured_media":798,"comment_status":"closed","ping_status":"closed","template":"","meta":{"_et_pb_use_builder":"","_et_pb_old_content":"","_et_gb_content_width":""},"product_cat":[28],"product_tag":[37],"class_list":{"0":"post-797","1":"product","2":"type-product","3":"status-publish","4":"has-post-thumbnail","6":"product_cat-herramientas-neumaticas","7":"product_tag-chicago-pneumatic","9":"first","10":"instock","11":"shipping-taxable","12":"product-type-simple"},"_links":{"self":[{"href":"https:\/\/insaneumatica.com\/index.php\/wp-json\/wp\/v2\/product\/797","targetHints":{"allow":["GET"]}}],"collection":[{"href":"https:\/\/insaneumatica.com\/index.php\/wp-json\/wp\/v2\/product"}],"about":[{"href":"https:\/\/insaneumatica.com\/index.php\/wp-json\/wp\/v2\/types\/product"}],"replies":[{"embeddable":true,"href":"https:\/\/insaneumatica.com\/index.php\/wp-json\/wp\/v2\/comments?post=797"}],"wp:featuredmedia":[{"embeddable":true,"href":"https:\/\/insaneumatica.com\/index.php\/wp-json\/wp\/v2\/media\/798"}],"wp:attachment":[{"href":"https:\/\/insaneumatica.com\/index.php\/wp-json\/wp\/v2\/media?parent=797"}],"wp:term":[{"taxonomy":"product_cat","embeddable":true,"href":"https:\/\/insaneumatica.com\/index.php\/wp-json\/wp\/v2\/product_cat?post=797"},{"taxonomy":"product_tag","embeddable":true,"href":"https:\/\/insaneumatica.com\/index.php\/wp-json\/wp\/v2\/product_tag?post=797"}],"curies":[{"name":"wp","href":"https:\/\/api.w.org\/{rel}","templated":true}]}}