{"id":791,"date":"2024-07-08T12:19:21","date_gmt":"2024-07-08T12:19:21","guid":{"rendered":"https:\/\/insaneumatica.com\/?post_type=product&#038;p=791"},"modified":"2024-08-01T19:04:34","modified_gmt":"2024-08-01T19:04:34","slug":"cp7405-amoladora-recta","status":"publish","type":"product","link":"https:\/\/insaneumatica.com\/index.php\/producto\/cp7405-amoladora-recta\/","title":{"rendered":"CP7405 &#8211; Amoladora recta."},"content":{"rendered":"<p><span style=\"font-weight: 400\">Dise\u00f1ada para aplicaciones de taller de carrocer\u00eda y mantenimiento, la serie CP74 con su sistema de bloqueo del eje ofrece al operador facilidad para cambiar las puntas con solo usar una llave. Gracias a sus diferentes cabezales (corto y largo recto, 120 \u00b0, 90 \u00b0), la serie CP74 ofrece una alta cobertura de aplicaci\u00f3n. Su agarre en la superficie y su carcasa de material compuesto brindan comodidad al operador en el d\u00eda a d\u00eda. Este modelo pertenece a la serie CP74 compuesta por 7 modelos: 2 x recta corta, 2 x recta larga, 120 \u00b0, 90 \u00b0 y un kit.<\/span><\/p>\n<ul>\n<li style=\"font-weight: 400\"><span style=\"font-weight: 400\">Las fresas y abrasivos se pueden sustituir f\u00e1cilmente con una sola llave gracias al nuevo sistema de bloqueo del eje.<\/span><\/li>\n<li style=\"font-weight: 400\"><span style=\"font-weight: 400\">Buen agarre por parte del operario gracias a su empu\u00f1adura de TPR ergon\u00f3mica.<\/span><\/li>\n<li style=\"font-weight: 400\"><span style=\"font-weight: 400\">M\u00faltiple rango de aplicaciones gracias a la variedad de cabezales (corto, largo, 120\u00ba, 90\u00ba).<\/span><\/li>\n<li style=\"font-weight: 400\"><span style=\"font-weight: 400\">Menor transferencia de calor entre el motor y los dem\u00e1s elementos gracias a su carcasa de composite.<\/span><\/li>\n<\/ul>\n","protected":false},"excerpt":{"rendered":"<p><span style=\"font-weight: 400\">Dise\u00f1ada para aplicaciones de taller de carrocer\u00eda y mantenimiento, la serie CP74 con su sistema de bloqueo del eje ofrece al operador facilidad para cambiar las puntas con solo usar una llave. Gracias a sus diferentes cabezales (corto y largo recto, 120 \u00b0, 90 \u00b0), la serie CP74 ofrece una alta cobertura de aplicaci\u00f3n. Su agarre en la superficie y su carcasa de material compuesto brindan comodidad al operador en el d\u00eda a d\u00eda. Este modelo pertenece a la serie CP74 compuesta por 7 modelos: 2 x recta corta, 2 x recta larga, 120 \u00b0, 90 \u00b0 y un kit.<\/span><\/p>\n<ul>\n<li style=\"font-weight: 400\"><span style=\"font-weight: 400\">Las fresas y abrasivos se pueden sustituir f\u00e1cilmente con una sola llave gracias al nuevo sistema de bloqueo del eje.<\/span><\/li>\n<li style=\"font-weight: 400\"><span style=\"font-weight: 400\">Buen agarre por parte del operario gracias a su empu\u00f1adura de TPR ergon\u00f3mica.<\/span><\/li>\n<li style=\"font-weight: 400\"><span style=\"font-weight: 400\">M\u00faltiple rango de aplicaciones gracias a la variedad de cabezales (corto, largo, 120\u00ba, 90\u00ba).<\/span><\/li>\n<li style=\"font-weight: 400\"><span style=\"font-weight: 400\">Menor transferencia de calor entre el motor y los dem\u00e1s elementos gracias a su carcasa de composite.<\/span><\/li>\n<\/ul>\n","protected":false},"featured_media":792,"comment_status":"closed","ping_status":"closed","template":"","meta":{"_et_pb_use_builder":"","_et_pb_old_content":"","_et_gb_content_width":""},"product_cat":[28],"product_tag":[37],"class_list":{"0":"post-791","1":"product","2":"type-product","3":"status-publish","4":"has-post-thumbnail","6":"product_cat-herramientas-neumaticas","7":"product_tag-chicago-pneumatic","9":"first","10":"instock","11":"shipping-taxable","12":"product-type-simple"},"_links":{"self":[{"href":"https:\/\/insaneumatica.com\/index.php\/wp-json\/wp\/v2\/product\/791","targetHints":{"allow":["GET"]}}],"collection":[{"href":"https:\/\/insaneumatica.com\/index.php\/wp-json\/wp\/v2\/product"}],"about":[{"href":"https:\/\/insaneumatica.com\/index.php\/wp-json\/wp\/v2\/types\/product"}],"replies":[{"embeddable":true,"href":"https:\/\/insaneumatica.com\/index.php\/wp-json\/wp\/v2\/comments?post=791"}],"wp:featuredmedia":[{"embeddable":true,"href":"https:\/\/insaneumatica.com\/index.php\/wp-json\/wp\/v2\/media\/792"}],"wp:attachment":[{"href":"https:\/\/insaneumatica.com\/index.php\/wp-json\/wp\/v2\/media?parent=791"}],"wp:term":[{"taxonomy":"product_cat","embeddable":true,"href":"https:\/\/insaneumatica.com\/index.php\/wp-json\/wp\/v2\/product_cat?post=791"},{"taxonomy":"product_tag","embeddable":true,"href":"https:\/\/insaneumatica.com\/index.php\/wp-json\/wp\/v2\/product_tag?post=791"}],"curies":[{"name":"wp","href":"https:\/\/api.w.org\/{rel}","templated":true}]}}