{"id":782,"date":"2024-07-08T11:43:44","date_gmt":"2024-07-08T11:43:44","guid":{"rendered":"https:\/\/insaneumatica.com\/?post_type=product&#038;p=782"},"modified":"2024-08-01T19:08:25","modified_gmt":"2024-08-01T19:08:25","slug":"cp734-llave-de-impacto","status":"publish","type":"product","link":"https:\/\/insaneumatica.com\/index.php\/producto\/cp734-llave-de-impacto\/","title":{"rendered":"CP734 &#8211; Llave de impacto"},"content":{"rendered":"<ul>\n<li style=\"font-weight: 400\"><span style=\"font-weight: 400\">Carcasa de motor de metal con mecanismo de embrague de pasador en ba\u00f1o de aceite (dyna-pact) para una alta durabilidad y un funcionamiento suave.<\/span><\/li>\n<li style=\"font-weight: 400\"><span style=\"font-weight: 400\">C\u00f3moda herramienta con empu\u00f1adura de goma y bot\u00f3n de retroceso con 4 posiciones de potencia positivas<\/span><\/li>\n<\/ul>\n<p><span style=\"font-weight: 400\">Cuerpo: Aluminio<\/span><span style=\"font-weight: 400\"><br \/>\n<\/span><span style=\"font-weight: 400\">Golpe por minuto: 1020<br \/>\n<\/span><span style=\"font-weight: 400\">Dimensiones 22.3 x 7 x 21.7 cm<br \/>\n<\/span><span style=\"font-weight: 400\">Peso: 2.7 kg<\/span><\/p>\n<p>&nbsp;<\/p>\n","protected":false},"excerpt":{"rendered":"<ul>\n<li style=\"font-weight: 400\"><span style=\"font-weight: 400\">Carcasa de motor de metal con mecanismo de embrague de pasador en ba\u00f1o de aceite (dyna-pact) para una alta durabilidad y un funcionamiento suave.<\/span><\/li>\n<li style=\"font-weight: 400\"><span style=\"font-weight: 400\">C\u00f3moda herramienta con empu\u00f1adura de goma y bot\u00f3n de retroceso con 4 posiciones de potencia positivas<\/span><\/li>\n<\/ul>\n<p><span style=\"font-weight: 400\">Cuerpo: Aluminio<\/span><span style=\"font-weight: 400\"><br \/>\n<\/span><span style=\"font-weight: 400\">Golpe por minuto: 1020<br \/>\n<\/span><span style=\"font-weight: 400\">Dimensiones 22.3 x 7 x 21.7 cm<br \/>\n<\/span><span style=\"font-weight: 400\">Peso: 2.7 kg<\/span><\/p>\n","protected":false},"featured_media":783,"comment_status":"closed","ping_status":"closed","template":"","meta":{"_et_pb_use_builder":"","_et_pb_old_content":"","_et_gb_content_width":""},"product_cat":[28],"product_tag":[37],"class_list":{"0":"post-782","1":"product","2":"type-product","3":"status-publish","4":"has-post-thumbnail","6":"product_cat-herramientas-neumaticas","7":"product_tag-chicago-pneumatic","9":"first","10":"instock","11":"shipping-taxable","12":"product-type-simple"},"_links":{"self":[{"href":"https:\/\/insaneumatica.com\/index.php\/wp-json\/wp\/v2\/product\/782","targetHints":{"allow":["GET"]}}],"collection":[{"href":"https:\/\/insaneumatica.com\/index.php\/wp-json\/wp\/v2\/product"}],"about":[{"href":"https:\/\/insaneumatica.com\/index.php\/wp-json\/wp\/v2\/types\/product"}],"replies":[{"embeddable":true,"href":"https:\/\/insaneumatica.com\/index.php\/wp-json\/wp\/v2\/comments?post=782"}],"wp:featuredmedia":[{"embeddable":true,"href":"https:\/\/insaneumatica.com\/index.php\/wp-json\/wp\/v2\/media\/783"}],"wp:attachment":[{"href":"https:\/\/insaneumatica.com\/index.php\/wp-json\/wp\/v2\/media?parent=782"}],"wp:term":[{"taxonomy":"product_cat","embeddable":true,"href":"https:\/\/insaneumatica.com\/index.php\/wp-json\/wp\/v2\/product_cat?post=782"},{"taxonomy":"product_tag","embeddable":true,"href":"https:\/\/insaneumatica.com\/index.php\/wp-json\/wp\/v2\/product_tag?post=782"}],"curies":[{"name":"wp","href":"https:\/\/api.w.org\/{rel}","templated":true}]}}