{"id":773,"date":"2024-07-05T19:15:24","date_gmt":"2024-07-05T19:15:24","guid":{"rendered":"https:\/\/insaneumatica.com\/?post_type=product&#038;p=773"},"modified":"2024-08-01T19:10:21","modified_gmt":"2024-08-01T19:10:21","slug":"cp-7711-cp-7721-llaves-de-impacto","status":"publish","type":"product","link":"https:\/\/insaneumatica.com\/index.php\/producto\/cp-7711-cp-7721-llaves-de-impacto\/","title":{"rendered":"CP 7711 \/ CP 7721 &#8211; Llaves de impacto"},"content":{"rendered":"<p><span style=\"font-weight: 400\">La serie CP 7711 \/ CP 7721 es la mejor llave de impacto liviana y compacta de 1\/4&#8243; y 3\/8&#8243; para trabajos de reparaci\u00f3n de motores y transmisiones, paneles de carrocer\u00eda, reparaci\u00f3n de motocicletas y asientos de veh\u00edculos.<\/span><\/p>\n<ul>\n<li id=\"features-group\" class=\"pb-1\">Una herramienta muy compacta y liviana (5,5 pulgadas\/140 mm de longitud) que proporciona un acceso m\u00e1s f\u00e1cil a lugares dif\u00edciles de alcanzar.<\/li>\n<li class=\"pb-1\">Carcasa de metal y mecanismo de impacto de doble balanc\u00edn para una alta durabilidad.<\/li>\n<li class=\"pb-1\">Regulador de potencia en la parte trasera (3 posiciones en ambos lados) y cambio de mariposa para avance\/retroceso para una mejor ergonom\u00eda.<\/li>\n<\/ul>\n","protected":false},"excerpt":{"rendered":"<p><span style=\"font-weight: 400\">La serie CP 7711 \/ CP 7721 es la mejor llave de impacto liviana y compacta de 1\/4&#8243; y 3\/8&#8243; para trabajos de reparaci\u00f3n de motores y transmisiones, paneles de carrocer\u00eda, reparaci\u00f3n de motocicletas y asientos de veh\u00edculos.<\/span><\/p>\n<ul>\n<li id=\"features-group\" class=\"pb-1\">Una herramienta muy compacta y liviana (5,5 pulgadas\/140 mm de longitud) que proporciona un acceso m\u00e1s f\u00e1cil a lugares dif\u00edciles de alcanzar.<\/li>\n<li class=\"pb-1\">Carcasa de metal y mecanismo de impacto de doble balanc\u00edn para una alta durabilidad.<\/li>\n<li class=\"pb-1\">Regulador de potencia en la parte trasera (3 posiciones en ambos lados) y cambio de mariposa para avance\/retroceso para una mejor ergonom\u00eda.<\/li>\n<\/ul>\n","protected":false},"featured_media":775,"comment_status":"closed","ping_status":"closed","template":"","meta":{"_et_pb_use_builder":"","_et_pb_old_content":"","_et_gb_content_width":""},"product_cat":[28],"product_tag":[37],"class_list":{"0":"post-773","1":"product","2":"type-product","3":"status-publish","4":"has-post-thumbnail","6":"product_cat-herramientas-neumaticas","7":"product_tag-chicago-pneumatic","9":"first","10":"instock","11":"shipping-taxable","12":"product-type-simple"},"_links":{"self":[{"href":"https:\/\/insaneumatica.com\/index.php\/wp-json\/wp\/v2\/product\/773","targetHints":{"allow":["GET"]}}],"collection":[{"href":"https:\/\/insaneumatica.com\/index.php\/wp-json\/wp\/v2\/product"}],"about":[{"href":"https:\/\/insaneumatica.com\/index.php\/wp-json\/wp\/v2\/types\/product"}],"replies":[{"embeddable":true,"href":"https:\/\/insaneumatica.com\/index.php\/wp-json\/wp\/v2\/comments?post=773"}],"wp:featuredmedia":[{"embeddable":true,"href":"https:\/\/insaneumatica.com\/index.php\/wp-json\/wp\/v2\/media\/775"}],"wp:attachment":[{"href":"https:\/\/insaneumatica.com\/index.php\/wp-json\/wp\/v2\/media?parent=773"}],"wp:term":[{"taxonomy":"product_cat","embeddable":true,"href":"https:\/\/insaneumatica.com\/index.php\/wp-json\/wp\/v2\/product_cat?post=773"},{"taxonomy":"product_tag","embeddable":true,"href":"https:\/\/insaneumatica.com\/index.php\/wp-json\/wp\/v2\/product_tag?post=773"}],"curies":[{"name":"wp","href":"https:\/\/api.w.org\/{rel}","templated":true}]}}