{"id":740,"date":"2024-07-01T12:43:13","date_gmt":"2024-07-01T12:43:13","guid":{"rendered":"https:\/\/insaneumatica.com\/?post_type=product&#038;p=740"},"modified":"2024-08-06T14:38:51","modified_gmt":"2024-08-06T14:38:51","slug":"filtros-coalecentes","status":"publish","type":"product","link":"https:\/\/insaneumatica.com\/index.php\/producto\/filtros-coalecentes\/","title":{"rendered":"Filtros Coalescentes"},"content":{"rendered":"<p><span style=\"font-weight: 400\">Estos dispositivos tienen como finalidad filtrar todo tipo de humedad, aceite, part\u00edculas y olores que puedan existir en la generaci\u00f3n, contenci\u00f3n y traslado del aire, garantizando una pureza superior y un mayor cuidado de los equipos.\u00a0 Cada dispositivo tiene una medida adecuada por los metros c\u00fabicos de circulaci\u00f3n. Su elemento filtrante interior\u00a0 corresponde a un micronaje para que cada filtrado que se deba hacer.\u00a0<\/span><\/p>\n<ul>\n<li><span style=\"font-weight: 400\"> Capacidad: 1,2~25 m 3\/min.<\/span><\/li>\n<li><span style=\"font-weight: 400\"> m\u00e1x. Presi\u00f3n de trabajo: 16 bares, (tambi\u00e9n disponemos hasta 40 Bar).<\/span><\/li>\n<li><span style=\"font-weight: 400\"> Temperatura m\u00e1xima de trabajo: 80 grados.<\/span><\/li>\n<li><span style=\"font-weight: 400\"> Presi\u00f3n diferencial: 0.07 bar.<\/span><\/li>\n<li><span style=\"font-weight: 400\"> Carcasa de filtro interna con tratamiento anticorrosi\u00f3n.<\/span><\/li>\n<li><span style=\"font-weight: 400\">Se le puede a\u00f1adir una purga autom\u00e1tica.\u00a0<\/span><\/li>\n<\/ul>\n","protected":false},"excerpt":{"rendered":"<p><span style=\"font-weight: 400\">Estos dispositivos tienen como finalidad filtrar todo tipo de humedad, aceite, part\u00edculas y olores que puedan existir en la generaci\u00f3n, contenci\u00f3n y traslado del aire, garantizando una pureza superior y un mayor cuidado de los equipos.\u00a0 Cada dispositivo tiene una medida adecuada por los metros cubicos de circulaci\u00f3n. Su elemento filtrante interior\u00a0 corresponde a un micronaje para que cada filtrado que se deba hacer.\u00a0<\/span><\/p>\n<ul>\n<li><span style=\"font-weight: 400\"> Capacidad: 1,2~25 m 3\/min.<\/span><\/li>\n<li><span style=\"font-weight: 400\"> m\u00e1x. Presi\u00f3n de trabajo: 16 bares, (tambi\u00e9n disponemos hasta 40 Bar).<\/span><\/li>\n<li><span style=\"font-weight: 400\"> Temperatura m\u00e1xima de trabajo: 80 grados.<\/span><\/li>\n<li><span style=\"font-weight: 400\"> Presi\u00f3n diferencial: 0.07 bar.<\/span><\/li>\n<li><span style=\"font-weight: 400\"> Carcasa de filtro interna con tratamiento anticorrosi\u00f3n.<\/span><\/li>\n<li><span style=\"font-weight: 400\">Se le puede a\u00f1adir una purga autom\u00e1tica.\u00a0<\/span><\/li>\n<\/ul>\n","protected":false},"featured_media":741,"comment_status":"closed","ping_status":"closed","template":"","meta":{"_et_pb_use_builder":"","_et_pb_old_content":"","_et_gb_content_width":""},"product_cat":[46,47],"product_tag":[40],"class_list":{"0":"post-740","1":"product","2":"type-product","3":"status-publish","4":"has-post-thumbnail","6":"product_cat-insumos-varios","7":"product_cat-linea-de-aire","8":"product_tag-sunwin","10":"first","11":"instock","12":"shipping-taxable","13":"product-type-simple"},"_links":{"self":[{"href":"https:\/\/insaneumatica.com\/index.php\/wp-json\/wp\/v2\/product\/740","targetHints":{"allow":["GET"]}}],"collection":[{"href":"https:\/\/insaneumatica.com\/index.php\/wp-json\/wp\/v2\/product"}],"about":[{"href":"https:\/\/insaneumatica.com\/index.php\/wp-json\/wp\/v2\/types\/product"}],"replies":[{"embeddable":true,"href":"https:\/\/insaneumatica.com\/index.php\/wp-json\/wp\/v2\/comments?post=740"}],"wp:featuredmedia":[{"embeddable":true,"href":"https:\/\/insaneumatica.com\/index.php\/wp-json\/wp\/v2\/media\/741"}],"wp:attachment":[{"href":"https:\/\/insaneumatica.com\/index.php\/wp-json\/wp\/v2\/media?parent=740"}],"wp:term":[{"taxonomy":"product_cat","embeddable":true,"href":"https:\/\/insaneumatica.com\/index.php\/wp-json\/wp\/v2\/product_cat?post=740"},{"taxonomy":"product_tag","embeddable":true,"href":"https:\/\/insaneumatica.com\/index.php\/wp-json\/wp\/v2\/product_tag?post=740"}],"curies":[{"name":"wp","href":"https:\/\/api.w.org\/{rel}","templated":true}]}}