{"id":732,"date":"2024-06-28T12:56:57","date_gmt":"2024-06-28T12:56:57","guid":{"rendered":"https:\/\/insaneumatica.com\/?post_type=product&#038;p=732"},"modified":"2024-08-01T19:13:25","modified_gmt":"2024-08-01T19:13:25","slug":"compresor-baosi-bmf-37-10-ii-doble-etapa","status":"publish","type":"product","link":"https:\/\/insaneumatica.com\/index.php\/producto\/compresor-baosi-bmf-37-10-ii-doble-etapa\/","title":{"rendered":"COMPRESOR BAOSI BMF 37-10 II DOBLE ETAPA"},"content":{"rendered":"<p><span style=\"font-weight: 400\">A diferencia del compresor simple etapa, este modelo posee mayor caudal de aire a menor potencia. <\/span><span style=\"font-weight: 400\"><br \/>\n<\/span><span style=\"font-weight: 400\">Bajo nivel de ruido y baja vibraci\u00f3n con alta presi\u00f3n est\u00e1tica para un alto flujo de aire.<\/span><span style=\"font-weight: 400\"><br \/>\n<\/span><span style=\"font-weight: 400\">El enfriamiento independiente del motor de im\u00e1n permanente garantiza un funcionamiento estable a baja velocidad.<\/span><span style=\"font-weight: 400\"><br \/>\n<\/span><span style=\"font-weight: 400\">Alto ahorro de energ\u00eda, hasta un 40% de optimizaci\u00f3n. <\/span><span style=\"font-weight: 400\"><br \/>\n<\/span><span style=\"font-weight: 400\">PLC t\u00e1ctil de f\u00e1cil accesibilidad. Control inteligente de presi\u00f3n y temperatura.<\/span><span style=\"font-weight: 400\"><br \/>\n<\/span><span style=\"font-weight: 400\">Par\u00e1metros programables de protecci\u00f3n, mantenimiento y alarmas.<\/span><span style=\"font-weight: 400\"><br \/>\n<\/span><span style=\"font-weight: 400\">Filtro de aire de alta eficiencia (99.99%) y baja restricci\u00f3n que evita p\u00e9rdidas energ\u00e9ticas innecesarias. Filtraci\u00f3n de aire hasta cinco micrones. Sellado herm\u00e9tico entre filtro y carcasa.<\/span><\/p>\n<p><span style=\"font-weight: 400\">Potencia: 50 Hp<\/span><span style=\"font-weight: 400\"><br \/>\n<\/span><span style=\"font-weight: 400\">Presi\u00f3n: 10 Bar<br \/>\nCapacidad: 6.1 m3\/min<\/span><span style=\"font-weight: 400\"><br \/>\n<\/span><span style=\"font-weight: 400\">Peso: 970 Kg<\/span><span style=\"font-weight: 400\"><br \/>\n<\/span><span style=\"font-weight: 400\">Dimensiones: 1670*1000*1500 mm<\/span><\/p>\n","protected":false},"excerpt":{"rendered":"<p><span style=\"font-weight: 400\">A diferencia del compresor simple etapa, este modelo posee mayor caudal de aire a menor potencia. <\/span><span style=\"font-weight: 400\"><br \/>\n<\/span><span style=\"font-weight: 400\">Bajo nivel de ruido y baja vibraci\u00f3n con alta presi\u00f3n est\u00e1tica para un alto flujo de aire.<\/span><span style=\"font-weight: 400\"><br \/>\n<\/span><span style=\"font-weight: 400\">El enfriamiento independiente del motor de im\u00e1n permanente garantiza un funcionamiento estable a baja velocidad.<\/span><span style=\"font-weight: 400\"><br \/>\n<\/span><span style=\"font-weight: 400\">Alto ahorro de energ\u00eda, hasta un 40% de optimizaci\u00f3n. <\/span><span style=\"font-weight: 400\"><br \/>\n<\/span><span style=\"font-weight: 400\">PLC t\u00e1ctil de f\u00e1cil accesibilidad. Control inteligente de presi\u00f3n y temperatura.<\/span><span style=\"font-weight: 400\"><br \/>\n<\/span><span style=\"font-weight: 400\">Par\u00e1metros programables de protecci\u00f3n, mantenimiento y alarmas.<\/span><span style=\"font-weight: 400\"><br \/>\n<\/span><span style=\"font-weight: 400\">Filtro de aire de alta eficiencia (99.99%) y baja restricci\u00f3n que evita p\u00e9rdidas energ\u00e9ticas innecesarias. Filtraci\u00f3n de aire hasta cinco micrones. Sellado herm\u00e9tico entre filtro y carcasa.<\/span><\/p>\n<p><span style=\"font-weight: 400\">Potencia: 50 Hp<\/span><span style=\"font-weight: 400\"><br \/>\n<\/span><span style=\"font-weight: 400\">Presi\u00f3n: 10 Bar<br \/>\nCapacidad: 6.1 m3\/min <\/span><span style=\"font-weight: 400\"><br \/>\n<\/span><span style=\"font-weight: 400\">Peso: 970 Kg<\/span><span style=\"font-weight: 400\"><br \/>\n<\/span><span style=\"font-weight: 400\">Dimensiones: 1670*1000*1500 mm<\/span><\/p>\n","protected":false},"featured_media":733,"comment_status":"closed","ping_status":"closed","template":"","meta":{"_et_pb_use_builder":"","_et_pb_old_content":"","_et_gb_content_width":""},"product_cat":[23],"product_tag":[39],"class_list":{"0":"post-732","1":"product","2":"type-product","3":"status-publish","4":"has-post-thumbnail","6":"product_cat-compresores-a-tornillo","7":"product_tag-baosi","9":"first","10":"instock","11":"shipping-taxable","12":"product-type-simple"},"_links":{"self":[{"href":"https:\/\/insaneumatica.com\/index.php\/wp-json\/wp\/v2\/product\/732","targetHints":{"allow":["GET"]}}],"collection":[{"href":"https:\/\/insaneumatica.com\/index.php\/wp-json\/wp\/v2\/product"}],"about":[{"href":"https:\/\/insaneumatica.com\/index.php\/wp-json\/wp\/v2\/types\/product"}],"replies":[{"embeddable":true,"href":"https:\/\/insaneumatica.com\/index.php\/wp-json\/wp\/v2\/comments?post=732"}],"wp:featuredmedia":[{"embeddable":true,"href":"https:\/\/insaneumatica.com\/index.php\/wp-json\/wp\/v2\/media\/733"}],"wp:attachment":[{"href":"https:\/\/insaneumatica.com\/index.php\/wp-json\/wp\/v2\/media?parent=732"}],"wp:term":[{"taxonomy":"product_cat","embeddable":true,"href":"https:\/\/insaneumatica.com\/index.php\/wp-json\/wp\/v2\/product_cat?post=732"},{"taxonomy":"product_tag","embeddable":true,"href":"https:\/\/insaneumatica.com\/index.php\/wp-json\/wp\/v2\/product_tag?post=732"}],"curies":[{"name":"wp","href":"https:\/\/api.w.org\/{rel}","templated":true}]}}