{"id":651,"date":"2024-06-24T12:23:48","date_gmt":"2024-06-24T12:23:48","guid":{"rendered":"https:\/\/insaneumatica.com\/?post_type=product&#038;p=651"},"modified":"2025-05-20T15:08:03","modified_gmt":"2025-05-20T15:08:03","slug":"compresor-olymtech-75-hp-c55y-2","status":"publish","type":"product","link":"https:\/\/insaneumatica.com\/index.php\/producto\/compresor-olymtech-75-hp-c55y-2\/","title":{"rendered":"COMPRESOR INSARG 30HP C22Y."},"content":{"rendered":"<p><span style=\"font-weight: 400\">Compresor de aire de tornillo con motor refrigerado por aceite de im\u00e1n permanente Olymtech velocidad variable serie CY.<br \/>\n<\/span><span style=\"font-weight: 400\">Ahorro de energ\u00eda, sin desperdicio de descarga<br \/>\n<\/span><span style=\"font-weight: 400\">Calidad confiable y estable, apto para uso en situaciones de trabajo pesado.<br \/>\n<\/span><span style=\"font-weight: 400\">Arranque suave (VSD), protege la red el\u00e9ctrica de su f\u00e1brica.<br \/>\n<\/span><span style=\"font-weight: 400\">Baja vibraci\u00f3n y bajo nivel de ruido<br \/>\n<\/span><span style=\"font-weight: 400\">Controlador PLC inteligente y de f\u00e1cil operaci\u00f3n t\u00e1ctil.<br \/>\n<\/span><span style=\"font-weight: 400\">Dise\u00f1o alto y delgado, ahorra espacio en la f\u00e1brica.<\/span><\/p>\n<ul>\n<li style=\"font-weight: 400\"><span style=\"font-weight: 400\">Presi\u00f3n m\u00e1xima \u00a0 de trabajo: 10 BAR<\/span><\/li>\n<li style=\"font-weight: 400\"><span style=\"font-weight: 400\">Capacidad: 3.3 m3\/min<\/span><\/li>\n<li style=\"font-weight: 400\"><span style=\"font-weight: 400\">Fuerza de motor: 30 HP<\/span><\/li>\n<li style=\"font-weight: 400\"><span style=\"font-weight: 400\">Peso neto: 360 kg<\/span><\/li>\n<li style=\"font-weight: 400\">Dimensiones (largo x ancho x alto): 1050*600*1125 mm<\/li>\n<\/ul>\n","protected":false},"excerpt":{"rendered":"<p><span style=\"font-weight: 400\">Compresor de aire de tornillo con motor refrigerado por aceite de im\u00e1n permanente Olymtech velocidad variable serie CY.<br \/>\n<\/span><span style=\"font-weight: 400\">Ahorro de energ\u00eda, sin desperdicio de descarga<br \/>\n<\/span><span style=\"font-weight: 400\">Calidad confiable y estable, apto para uso en situaciones de trabajo pesado.<br \/>\n<\/span><span style=\"font-weight: 400\">Arranque suave (VSD), protege la red el\u00e9ctrica de su f\u00e1brica.<br \/>\n<\/span><span style=\"font-weight: 400\">Baja vibraci\u00f3n y bajo nivel de ruido<br \/>\n<\/span><span style=\"font-weight: 400\">Controlador PLC inteligente y de f\u00e1cil operaci\u00f3n t\u00e1ctil.<br \/>\n<\/span><span style=\"font-weight: 400\">Dise\u00f1o alto y delgado, ahorra espacio en la f\u00e1brica.<\/span><\/p>\n<ul>\n<li style=\"font-weight: 400\"><span style=\"font-weight: 400\">Presi\u00f3n m\u00e1xima \u00a0 de trabajo: 10 BAR<\/span><\/li>\n<li style=\"font-weight: 400\"><span style=\"font-weight: 400\">Capacidad: 3.3 m3\/min<\/span><\/li>\n<li style=\"font-weight: 400\"><span style=\"font-weight: 400\">Fuerza de motor: 30 HP<\/span><\/li>\n<li style=\"font-weight: 400\"><span style=\"font-weight: 400\">Peso neto: 360 kg<\/span><\/li>\n<li style=\"font-weight: 400\">Dimensiones (largo x ancho x alto): 1050*600*1125 mm<\/li>\n<\/ul>\n","protected":false},"featured_media":590,"comment_status":"closed","ping_status":"closed","template":"","meta":{"_et_pb_use_builder":"","_et_pb_old_content":"","_et_gb_content_width":""},"product_cat":[23],"product_tag":[41],"class_list":{"0":"post-651","1":"product","2":"type-product","3":"status-publish","4":"has-post-thumbnail","6":"product_cat-compresores-a-tornillo","7":"product_tag-olymtech","9":"first","10":"instock","11":"shipping-taxable","12":"product-type-simple"},"_links":{"self":[{"href":"https:\/\/insaneumatica.com\/index.php\/wp-json\/wp\/v2\/product\/651","targetHints":{"allow":["GET"]}}],"collection":[{"href":"https:\/\/insaneumatica.com\/index.php\/wp-json\/wp\/v2\/product"}],"about":[{"href":"https:\/\/insaneumatica.com\/index.php\/wp-json\/wp\/v2\/types\/product"}],"replies":[{"embeddable":true,"href":"https:\/\/insaneumatica.com\/index.php\/wp-json\/wp\/v2\/comments?post=651"}],"wp:featuredmedia":[{"embeddable":true,"href":"https:\/\/insaneumatica.com\/index.php\/wp-json\/wp\/v2\/media\/590"}],"wp:attachment":[{"href":"https:\/\/insaneumatica.com\/index.php\/wp-json\/wp\/v2\/media?parent=651"}],"wp:term":[{"taxonomy":"product_cat","embeddable":true,"href":"https:\/\/insaneumatica.com\/index.php\/wp-json\/wp\/v2\/product_cat?post=651"},{"taxonomy":"product_tag","embeddable":true,"href":"https:\/\/insaneumatica.com\/index.php\/wp-json\/wp\/v2\/product_tag?post=651"}],"curies":[{"name":"wp","href":"https:\/\/api.w.org\/{rel}","templated":true}]}}