{"id":650,"date":"2024-06-24T11:42:21","date_gmt":"2024-06-24T11:42:21","guid":{"rendered":"https:\/\/insaneumatica.com\/?post_type=product&#038;p=650"},"modified":"2025-05-20T15:08:34","modified_gmt":"2025-05-20T15:08:34","slug":"compresor-olymtech-50-hp-c37y","status":"publish","type":"product","link":"https:\/\/insaneumatica.com\/index.php\/producto\/compresor-olymtech-50-hp-c37y\/","title":{"rendered":"COMPRESOR INSARG 50 HP C37Y."},"content":{"rendered":"<p><span style=\"font-weight: 400\">Compresor de aire de tornillo con motor refrigerado por aceite de im\u00e1n permanente Olymtech velocidad variable serie CY.<br \/>\n<\/span><span style=\"font-weight: 400\">Ahorro de energ\u00eda, sin desperdicio de descarga<br \/>\n<\/span><span style=\"font-weight: 400\">Calidad confiable y estable, apto para uso en situaciones de trabajo pesado.<br \/>\n<\/span><span style=\"font-weight: 400\">Arranque suave (VSD), protege la red el\u00e9ctrica de su f\u00e1brica.<br \/>\n<\/span><span style=\"font-weight: 400\">Baja vibraci\u00f3n y bajo nivel de ruido<br \/>\n<\/span><span style=\"font-weight: 400\">Controlador PLC inteligente y de f\u00e1cil operaci\u00f3n t\u00e1ctil.<br \/>\n<\/span><span style=\"font-weight: 400\">Dise\u00f1o alto y delgado, ahorra espacio en la f\u00e1brica.<\/span><\/p>\n<ul>\n<li style=\"font-weight: 400\"><span style=\"font-weight: 400\">Presi\u00f3n m\u00e1xima \u00a0 de trabajo: 10 BAR<\/span><\/li>\n<li style=\"font-weight: 400\"><span style=\"font-weight: 400\">Capacidad: 6.4 m3\/min<\/span><\/li>\n<li style=\"font-weight: 400\"><span style=\"font-weight: 400\">Fuerza de motor: 50 HP<\/span><\/li>\n<li style=\"font-weight: 400\"><span style=\"font-weight: 400\">Peso neto: 390 KG<\/span><\/li>\n<li style=\"font-weight: 400\"><span style=\"font-weight: 400\">Dimensiones (largo x ancho x alto): 1200*650*1500 mm<\/span><\/li>\n<\/ul>\n","protected":false},"excerpt":{"rendered":"<p><span style=\"font-weight: 400\">Compresor de aire de tornillo con motor refrigerado por aceite de im\u00e1n permanente Olymtech velocidad variable serie CY.<br \/>\n<\/span><span style=\"font-weight: 400\">Ahorro de energ\u00eda, sin desperdicio de descarga<br \/>\n<\/span><span style=\"font-weight: 400\">Calidad confiable y estable, apto para uso en situaciones de trabajo pesado.<br \/>\n<\/span><span style=\"font-weight: 400\">Arranque suave (VSD), protege la red el\u00e9ctrica de su f\u00e1brica.<br \/>\n<\/span><span style=\"font-weight: 400\">Baja vibraci\u00f3n y bajo nivel de ruido<br \/>\n<\/span><span style=\"font-weight: 400\">Controlador PLC inteligente y de f\u00e1cil operaci\u00f3n t\u00e1ctil.<br \/>\n<\/span><span style=\"font-weight: 400\">Dise\u00f1o alto y delgado, ahorra espacio en la f\u00e1brica.<\/span><\/p>\n<ul>\n<li style=\"font-weight: 400\"><span style=\"font-weight: 400\">Presi\u00f3n m\u00e1xima \u00a0 de trabajo: 10 BAR<\/span><\/li>\n<li style=\"font-weight: 400\"><span style=\"font-weight: 400\">Capacidad: 6.4 m3\/min<\/span><\/li>\n<li style=\"font-weight: 400\"><span style=\"font-weight: 400\">Fuerza de motor: 50 HP<\/span><\/li>\n<li style=\"font-weight: 400\"><span style=\"font-weight: 400\">Peso neto: 390 KG<\/span><\/li>\n<li style=\"font-weight: 400\"><span style=\"font-weight: 400\">Dimensiones (largo x ancho x alto): 1200*650*1500 mm<\/span><\/li>\n<\/ul>\n","protected":false},"featured_media":589,"comment_status":"closed","ping_status":"closed","template":"","meta":{"_et_pb_use_builder":"","_et_pb_old_content":"","_et_gb_content_width":""},"product_cat":[23],"product_tag":[41],"class_list":{"0":"post-650","1":"product","2":"type-product","3":"status-publish","4":"has-post-thumbnail","6":"product_cat-compresores-a-tornillo","7":"product_tag-olymtech","9":"first","10":"instock","11":"shipping-taxable","12":"product-type-simple"},"_links":{"self":[{"href":"https:\/\/insaneumatica.com\/index.php\/wp-json\/wp\/v2\/product\/650","targetHints":{"allow":["GET"]}}],"collection":[{"href":"https:\/\/insaneumatica.com\/index.php\/wp-json\/wp\/v2\/product"}],"about":[{"href":"https:\/\/insaneumatica.com\/index.php\/wp-json\/wp\/v2\/types\/product"}],"replies":[{"embeddable":true,"href":"https:\/\/insaneumatica.com\/index.php\/wp-json\/wp\/v2\/comments?post=650"}],"wp:featuredmedia":[{"embeddable":true,"href":"https:\/\/insaneumatica.com\/index.php\/wp-json\/wp\/v2\/media\/589"}],"wp:attachment":[{"href":"https:\/\/insaneumatica.com\/index.php\/wp-json\/wp\/v2\/media?parent=650"}],"wp:term":[{"taxonomy":"product_cat","embeddable":true,"href":"https:\/\/insaneumatica.com\/index.php\/wp-json\/wp\/v2\/product_cat?post=650"},{"taxonomy":"product_tag","embeddable":true,"href":"https:\/\/insaneumatica.com\/index.php\/wp-json\/wp\/v2\/product_tag?post=650"}],"curies":[{"name":"wp","href":"https:\/\/api.w.org\/{rel}","templated":true}]}}