{"id":649,"date":"2024-06-24T11:39:17","date_gmt":"2024-06-24T11:39:17","guid":{"rendered":"https:\/\/insaneumatica.com\/?post_type=product&#038;p=649"},"modified":"2025-05-20T15:09:05","modified_gmt":"2025-05-20T15:09:05","slug":"compresor-olymtech-75-hp-c55y","status":"publish","type":"product","link":"https:\/\/insaneumatica.com\/index.php\/producto\/compresor-olymtech-75-hp-c55y\/","title":{"rendered":"COMPRESOR INSARG 75 HP C55Y."},"content":{"rendered":"<p><span style=\"font-weight: 400\">Compresor de aire de tornillo con motor refrigerado por aceite de im\u00e1n permanente Olymtech velocidad variable serie CY.<br \/>\n<\/span><span style=\"font-weight: 400\">Ahorro de energ\u00eda, sin desperdicio de descarga<br \/>\n<\/span><span style=\"font-weight: 400\">Calidad confiable y estable, apto para uso en situaciones de trabajo pesado.<br \/>\n<\/span><span style=\"font-weight: 400\">Arranque suave (VSD), protege la red el\u00e9ctrica de su f\u00e1brica.<br \/>\n<\/span><span style=\"font-weight: 400\">Baja vibraci\u00f3n y bajo nivel de ruido<br \/>\n<\/span><span style=\"font-weight: 400\">Controlador PLC inteligente y de f\u00e1cil operaci\u00f3n t\u00e1ctil.<br \/>\n<\/span><span style=\"font-weight: 400\">Dise\u00f1o alto y delgado, ahorra espacio en la f\u00e1brica.<br \/>\n<\/span><span style=\"font-weight: 400\">Presi\u00f3n m\u00e1xima \u00a0 de trabajo: 10 BAR<\/span><span style=\"font-weight: 400\"><br \/>\n<\/span><span style=\"font-weight: 400\">Capacidad: 9.4m3\/min<\/span><span style=\"font-weight: 400\"><br \/>\n<\/span><span style=\"font-weight: 400\">Fuerza de motor: 75 HP<\/span><span style=\"font-weight: 400\"><br \/>\n<\/span><span style=\"font-weight: 400\">Peso neto: 1000 kg<\/span><span style=\"font-weight: 400\"><br \/>\n<\/span><span style=\"font-weight: 400\">Dimensiones (largo x ancho x alto): <\/span><span style=\"font-weight: 400\">1550*1160*1600<\/span><span style=\"font-weight: 400\"> mm<\/span><\/p>\n","protected":false},"excerpt":{"rendered":"<p><span style=\"font-weight: 400\">Compresor de aire de tornillo con motor refrigerado por aceite de im\u00e1n permanente Olymtech velocidad variable serie CY.<br \/>\n<\/span><span style=\"font-weight: 400\">Ahorro de energ\u00eda, sin desperdicio de descarga<br \/>\n<\/span><span style=\"font-weight: 400\">Calidad confiable y estable, apto para uso en situaciones de trabajo pesado.<br \/>\n<\/span><span style=\"font-weight: 400\">Arranque suave (VSD), protege la red el\u00e9ctrica de su f\u00e1brica.<br \/>\n<\/span><span style=\"font-weight: 400\">Baja vibraci\u00f3n y bajo nivel de ruido<br \/>\n<\/span><span style=\"font-weight: 400\">Controlador PLC inteligente y de f\u00e1cil operaci\u00f3n t\u00e1ctil.<br \/>\n<\/span><span style=\"font-weight: 400\">Dise\u00f1o alto y delgado, ahorra espacio en la f\u00e1brica.<br \/>\n<\/span><span style=\"font-weight: 400\">Presi\u00f3n m\u00e1xima \u00a0 de trabajo: 10 BAR<\/span><span style=\"font-weight: 400\"><br \/>\n<\/span><span style=\"font-weight: 400\">Capacidad: 9.4m3\/min<\/span><span style=\"font-weight: 400\"><br \/>\n<\/span><span style=\"font-weight: 400\">Fuerza de motor: 75 HP<\/span><span style=\"font-weight: 400\"><br \/>\n<\/span><span style=\"font-weight: 400\">Peso neto: 1000 kg<\/span><span style=\"font-weight: 400\"><br \/>\n<\/span><span style=\"font-weight: 400\">Dimensiones (largo x ancho x alto): <\/span><span style=\"font-weight: 400\">1550*1160*1600<\/span><span style=\"font-weight: 400\"> mm<\/span><\/p>\n","protected":false},"featured_media":594,"comment_status":"closed","ping_status":"closed","template":"","meta":{"_et_pb_use_builder":"","_et_pb_old_content":"","_et_gb_content_width":""},"product_cat":[23],"product_tag":[41],"class_list":{"0":"post-649","1":"product","2":"type-product","3":"status-publish","4":"has-post-thumbnail","6":"product_cat-compresores-a-tornillo","7":"product_tag-olymtech","9":"first","10":"instock","11":"shipping-taxable","12":"product-type-simple"},"_links":{"self":[{"href":"https:\/\/insaneumatica.com\/index.php\/wp-json\/wp\/v2\/product\/649","targetHints":{"allow":["GET"]}}],"collection":[{"href":"https:\/\/insaneumatica.com\/index.php\/wp-json\/wp\/v2\/product"}],"about":[{"href":"https:\/\/insaneumatica.com\/index.php\/wp-json\/wp\/v2\/types\/product"}],"replies":[{"embeddable":true,"href":"https:\/\/insaneumatica.com\/index.php\/wp-json\/wp\/v2\/comments?post=649"}],"wp:featuredmedia":[{"embeddable":true,"href":"https:\/\/insaneumatica.com\/index.php\/wp-json\/wp\/v2\/media\/594"}],"wp:attachment":[{"href":"https:\/\/insaneumatica.com\/index.php\/wp-json\/wp\/v2\/media?parent=649"}],"wp:term":[{"taxonomy":"product_cat","embeddable":true,"href":"https:\/\/insaneumatica.com\/index.php\/wp-json\/wp\/v2\/product_cat?post=649"},{"taxonomy":"product_tag","embeddable":true,"href":"https:\/\/insaneumatica.com\/index.php\/wp-json\/wp\/v2\/product_tag?post=649"}],"curies":[{"name":"wp","href":"https:\/\/api.w.org\/{rel}","templated":true}]}}