{"id":638,"date":"2024-06-19T14:25:21","date_gmt":"2024-06-19T14:25:21","guid":{"rendered":"https:\/\/insaneumatica.com\/?post_type=product&#038;p=638"},"modified":"2024-08-01T19:27:46","modified_gmt":"2024-08-01T19:27:46","slug":"compresor-baosi-75hp-bmf-55","status":"publish","type":"product","link":"https:\/\/insaneumatica.com\/index.php\/producto\/compresor-baosi-75hp-bmf-55\/","title":{"rendered":"COMPRESOR BAOSI 75HP BMF 55"},"content":{"rendered":"<p><span style=\"font-weight: 400\">Alineaci\u00f3n y balanceo perfectos.<\/span><span style=\"font-weight: 400\"><br \/>\n<\/span><span style=\"font-weight: 400\">Baja velocidad de giro y rodamientos de primera marca.<\/span><span style=\"font-weight: 400\"><br \/>\n<\/span><span style=\"font-weight: 400\">Motor sincr\u00f3nico de magnetos permanentes (PM) de ultra eficiencia.<\/span><span style=\"font-weight: 400\"><br \/>\n<\/span><span style=\"font-weight: 400\">Enfriamiento de motor por aceite, independiente de la velocidad de giro.<\/span><span style=\"font-weight: 400\"><br \/>\n<\/span><span style=\"font-weight: 400\">Enfriamiento del aceite por electroventilador.<\/span><span style=\"font-weight: 400\"><br \/>\n<\/span><span style=\"font-weight: 400\">Baja vibraci\u00f3n y bajo nivel de ruido.<\/span><span style=\"font-weight: 400\"><br \/>\n<\/span><span style=\"font-weight: 400\">Pantalla t\u00e1ctil, f\u00e1cil de operar.<\/span><span style=\"font-weight: 400\"><br \/>\n<\/span><span style=\"font-weight: 400\">&#8211; Alto ahorro energ\u00e9tico, hasta un 40% m\u00e1s.<\/span><span style=\"font-weight: 400\"><br \/>\n<\/span><span style=\"font-weight: 400\">&#8211; Alta durabilidad de la unidad compresora.<\/span><span style=\"font-weight: 400\"><br \/>\n<\/span><span style=\"font-weight: 400\">&#8211; Modulaci\u00f3n de presi\u00f3n autom\u00e1tica seg\u00fan el consumo de aire.<\/span><span style=\"font-weight: 400\"><br \/>\n<\/span><span style=\"font-weight: 400\">Potencia: 75 HP<br \/>\n<\/span><span style=\"font-weight: 400\">Presi\u00f3n: 8\/10 Bar<br \/>\nCapacidad: 6.30 m3\/min<br \/>\n<\/span><span style=\"font-weight: 400\">Peso: 1100 kg<br \/>\n<\/span><span style=\"font-weight: 400\">Dimensiones: 1900*1300*1660 mm<\/span><\/p>\n","protected":false},"excerpt":{"rendered":"<p><span style=\"font-weight: 400\">Alineaci\u00f3n y balanceo perfectos.<\/span><span style=\"font-weight: 400\"><br \/>\n<\/span><span style=\"font-weight: 400\">Baja velocidad de giro y rodamientos de primera marca.<\/span><span style=\"font-weight: 400\"><br \/>\n<\/span><span style=\"font-weight: 400\">Motor sincr\u00f3nico de magnetos permanentes (PM) de ultra eficiencia.<\/span><span style=\"font-weight: 400\"><br \/>\n<\/span><span style=\"font-weight: 400\">Enfriamiento de motor por aceite, independiente de la velocidad de giro.<\/span><span style=\"font-weight: 400\"><br \/>\n<\/span><span style=\"font-weight: 400\">Enfriamiento del aceite por electroventilador.<\/span><span style=\"font-weight: 400\"><br \/>\n<\/span><span style=\"font-weight: 400\">Baja vibraci\u00f3n y bajo nivel de ruido.<\/span><span style=\"font-weight: 400\"><br \/>\n<\/span><span style=\"font-weight: 400\">Pantalla t\u00e1ctil, f\u00e1cil de operar.<\/span><span style=\"font-weight: 400\"><br \/>\n<\/span><span style=\"font-weight: 400\">&#8211; Alto ahorro energ\u00e9tico, hasta un 40% m\u00e1s.<\/span><span style=\"font-weight: 400\"><br \/>\n<\/span><span style=\"font-weight: 400\">&#8211; Alta durabilidad de la unidad compresora.<\/span><span style=\"font-weight: 400\"><br \/>\n<\/span><span style=\"font-weight: 400\">&#8211; Modulaci\u00f3n de presi\u00f3n autom\u00e1tica seg\u00fan el consumo de aire.<\/span><span style=\"font-weight: 400\"><br \/>\n<\/span><span style=\"font-weight: 400\">Potencia: 75 HP<br \/>\n<\/span><span style=\"font-weight: 400\">Presi\u00f3n: 8\/10 Bar<br \/>\nCapacidad: 6.30 m3\/min<br \/>\n<\/span><span style=\"font-weight: 400\">Peso: 1100 kg<br \/>\n<\/span><span style=\"font-weight: 400\">Dimensiones: 1900*1300*1660 mm<\/span><\/p>\n","protected":false},"featured_media":702,"comment_status":"closed","ping_status":"closed","template":"","meta":{"_et_pb_use_builder":"","_et_pb_old_content":"","_et_gb_content_width":""},"product_cat":[23],"product_tag":[39],"class_list":{"0":"post-638","1":"product","2":"type-product","3":"status-publish","4":"has-post-thumbnail","6":"product_cat-compresores-a-tornillo","7":"product_tag-baosi","9":"first","10":"instock","11":"shipping-taxable","12":"product-type-simple"},"_links":{"self":[{"href":"https:\/\/insaneumatica.com\/index.php\/wp-json\/wp\/v2\/product\/638","targetHints":{"allow":["GET"]}}],"collection":[{"href":"https:\/\/insaneumatica.com\/index.php\/wp-json\/wp\/v2\/product"}],"about":[{"href":"https:\/\/insaneumatica.com\/index.php\/wp-json\/wp\/v2\/types\/product"}],"replies":[{"embeddable":true,"href":"https:\/\/insaneumatica.com\/index.php\/wp-json\/wp\/v2\/comments?post=638"}],"wp:featuredmedia":[{"embeddable":true,"href":"https:\/\/insaneumatica.com\/index.php\/wp-json\/wp\/v2\/media\/702"}],"wp:attachment":[{"href":"https:\/\/insaneumatica.com\/index.php\/wp-json\/wp\/v2\/media?parent=638"}],"wp:term":[{"taxonomy":"product_cat","embeddable":true,"href":"https:\/\/insaneumatica.com\/index.php\/wp-json\/wp\/v2\/product_cat?post=638"},{"taxonomy":"product_tag","embeddable":true,"href":"https:\/\/insaneumatica.com\/index.php\/wp-json\/wp\/v2\/product_tag?post=638"}],"curies":[{"name":"wp","href":"https:\/\/api.w.org\/{rel}","templated":true}]}}