{"id":573,"date":"2024-06-10T17:39:10","date_gmt":"2024-06-10T17:39:10","guid":{"rendered":"https:\/\/insaneumatica.com\/?post_type=product&#038;p=573"},"modified":"2024-06-26T14:04:47","modified_gmt":"2024-06-26T14:04:47","slug":"compresor-2-5-hp-lusqtoff-con-tanque-de-50-lts","status":"publish","type":"product","link":"https:\/\/insaneumatica.com\/index.php\/producto\/compresor-2-5-hp-lusqtoff-con-tanque-de-50-lts\/","title":{"rendered":"COMPRESOR 2.5 HP CON TANQUE DE 50 LTS."},"content":{"rendered":"<p><span style=\"font-weight: 400;\">Su potencia lo convierte en la herramienta necesaria para labores de uso profesional. Adem\u00e1s, la capacidad del tanque de 25\/50 lts permite usos puntuales y por un corto per\u00edodo de tiempo, lo que te permitir\u00e1 recargar r\u00e1pidamente para volver a utilizarlo cuando quieras. Camisas de fundici\u00f3n, pistones con tres aros, incluye regulador de aire para labores que requieran baja presi\u00f3n (aer\u00f3grafos, globos, bicicletas, computadoras, dom\u00e9sticas).<br \/>\n<\/span><span style=\"font-weight: 400;\">Potencia: 2.5 HP<br \/>\n<\/span><span style=\"font-weight: 400;\">Voltaje: 220v <\/span><span style=\"font-weight: 400;\"><br \/>\n<\/span><span style=\"font-weight: 400;\">Tanque: 25\/50 lts<\/span><span style=\"font-weight: 400;\"><br \/>\n<\/span><span style=\"font-weight: 400;\">Peso: 29.5 kG<\/span><span style=\"font-weight: 400;\"><br \/>\n<\/span><span style=\"font-weight: 400;\">Presi\u00f3n m\u00e1xima: 8 bar.\u00a0 <\/span><\/p>\n","protected":false},"excerpt":{"rendered":"<p><span style=\"font-weight: 400;\">Su potencia lo convierte en la herramienta necesaria para labores de uso profesional. Adem\u00e1s, la capacidad del tanque de 25\/50 lts permite usos puntuales y por un corto per\u00edodo de tiempo, lo que te permitir\u00e1 recargar r\u00e1pidamente para volver a utilizarlo cuando quieras. Camisas de fundici\u00f3n, pistones con tres aros, incluye regulador de aire para labores que requieran baja presi\u00f3n (aer\u00f3grafos, globos, bicicletas, computadoras, dom\u00e9sticas).<br \/>\n<\/span><span style=\"font-weight: 400;\">Potencia: 2.5 HP<br \/>\n<\/span><span style=\"font-weight: 400;\">Voltaje: 220v <\/span><span style=\"font-weight: 400;\"><br \/>\n<\/span><span style=\"font-weight: 400;\">Tanque: 25\/50 lts<\/span><span style=\"font-weight: 400;\"><br \/>\n<\/span><span style=\"font-weight: 400;\">Peso: 29.5 kG<\/span><span style=\"font-weight: 400;\"><br \/>\n<\/span><span style=\"font-weight: 400;\">Presi\u00f3n m\u00e1xima: 8 bar.\u00a0<\/span><\/p>\n","protected":false},"featured_media":598,"comment_status":"closed","ping_status":"closed","template":"","meta":{"_et_pb_use_builder":"","_et_pb_old_content":"","_et_gb_content_width":""},"product_cat":[18],"product_tag":[38],"class_list":{"0":"post-573","1":"product","2":"type-product","3":"status-publish","4":"has-post-thumbnail","6":"product_cat-compresores-a-piston","7":"product_tag-varios","9":"first","10":"instock","11":"shipping-taxable","12":"product-type-simple"},"_links":{"self":[{"href":"https:\/\/insaneumatica.com\/index.php\/wp-json\/wp\/v2\/product\/573","targetHints":{"allow":["GET"]}}],"collection":[{"href":"https:\/\/insaneumatica.com\/index.php\/wp-json\/wp\/v2\/product"}],"about":[{"href":"https:\/\/insaneumatica.com\/index.php\/wp-json\/wp\/v2\/types\/product"}],"replies":[{"embeddable":true,"href":"https:\/\/insaneumatica.com\/index.php\/wp-json\/wp\/v2\/comments?post=573"}],"wp:featuredmedia":[{"embeddable":true,"href":"https:\/\/insaneumatica.com\/index.php\/wp-json\/wp\/v2\/media\/598"}],"wp:attachment":[{"href":"https:\/\/insaneumatica.com\/index.php\/wp-json\/wp\/v2\/media?parent=573"}],"wp:term":[{"taxonomy":"product_cat","embeddable":true,"href":"https:\/\/insaneumatica.com\/index.php\/wp-json\/wp\/v2\/product_cat?post=573"},{"taxonomy":"product_tag","embeddable":true,"href":"https:\/\/insaneumatica.com\/index.php\/wp-json\/wp\/v2\/product_tag?post=573"}],"curies":[{"name":"wp","href":"https:\/\/api.w.org\/{rel}","templated":true}]}}