{"id":568,"date":"2024-06-10T13:27:33","date_gmt":"2024-06-10T13:27:33","guid":{"rendered":"https:\/\/insaneumatica.com\/?post_type=product&#038;p=568"},"modified":"2024-06-24T13:52:22","modified_gmt":"2024-06-24T13:52:22","slug":"compresor-10-hp-lusqtoff-con-tanque-de-500-lts","status":"publish","type":"product","link":"https:\/\/insaneumatica.com\/index.php\/producto\/compresor-10-hp-lusqtoff-con-tanque-de-500-lts\/","title":{"rendered":"COMPRESOR 10 HP CON TANQUE DE 500 LTS."},"content":{"rendered":"<p><span style=\"font-weight: 400\">Este compresor de Aire de 500 litros y 10 HP es la soluci\u00f3n perfecta para tus necesidades de aire comprimido. Con su potente motor trif\u00e1sico y una capacidad de tanque de 500 litros, esta herramienta te proporcionar\u00e1 un caudal de aire de 1156 litros por minuto, permiti\u00e9ndote realizar trabajos de gran envergadura con facilidad y rapidez.<\/span><span style=\"font-weight: 400\"><br \/>\n<\/span><span style=\"font-weight: 400\">Potencia: 10 HP<br \/>\n<\/span><span style=\"font-weight: 400\">Voltaje: 380 V<\/span><span style=\"font-weight: 400\"><br \/>\n<\/span><span style=\"font-weight: 400\">Tanque: 500 Lts<\/span><span style=\"font-weight: 400\"><br \/>\n<\/span><span style=\"font-weight: 400\">Peso: 330 kg<\/span><\/p>\n","protected":false},"excerpt":{"rendered":"<p><span style=\"font-weight: 400\">Este compresor de Aire de 500 litros y 10 HP es la soluci\u00f3n perfecta para tus necesidades de aire comprimido. Con su potente motor trif\u00e1sico y una capacidad de tanque de 500 litros, esta herramienta te proporcionar\u00e1 un caudal de aire de 1156 litros por minuto, permiti\u00e9ndote realizar trabajos de gran envergadura con facilidad y rapidez.<\/span><span style=\"font-weight: 400\"><br \/>\n<\/span><span style=\"font-weight: 400\">Potencia: 10 HP<br \/>\n<\/span><span style=\"font-weight: 400\">Voltaje: 380 V<\/span><span style=\"font-weight: 400\"><br \/>\n<\/span><span style=\"font-weight: 400\">Tanque: 500 Lts<\/span><span style=\"font-weight: 400\"><br \/>\n<\/span><span style=\"font-weight: 400\">Peso: 330 kg<\/span><\/p>\n","protected":false},"featured_media":600,"comment_status":"closed","ping_status":"closed","template":"","meta":{"_et_pb_use_builder":"","_et_pb_old_content":"","_et_gb_content_width":""},"product_cat":[18],"product_tag":[],"class_list":{"0":"post-568","1":"product","2":"type-product","3":"status-publish","4":"has-post-thumbnail","6":"product_cat-compresores-a-piston","8":"first","9":"instock","10":"shipping-taxable","11":"product-type-simple"},"_links":{"self":[{"href":"https:\/\/insaneumatica.com\/index.php\/wp-json\/wp\/v2\/product\/568","targetHints":{"allow":["GET"]}}],"collection":[{"href":"https:\/\/insaneumatica.com\/index.php\/wp-json\/wp\/v2\/product"}],"about":[{"href":"https:\/\/insaneumatica.com\/index.php\/wp-json\/wp\/v2\/types\/product"}],"replies":[{"embeddable":true,"href":"https:\/\/insaneumatica.com\/index.php\/wp-json\/wp\/v2\/comments?post=568"}],"wp:featuredmedia":[{"embeddable":true,"href":"https:\/\/insaneumatica.com\/index.php\/wp-json\/wp\/v2\/media\/600"}],"wp:attachment":[{"href":"https:\/\/insaneumatica.com\/index.php\/wp-json\/wp\/v2\/media?parent=568"}],"wp:term":[{"taxonomy":"product_cat","embeddable":true,"href":"https:\/\/insaneumatica.com\/index.php\/wp-json\/wp\/v2\/product_cat?post=568"},{"taxonomy":"product_tag","embeddable":true,"href":"https:\/\/insaneumatica.com\/index.php\/wp-json\/wp\/v2\/product_tag?post=568"}],"curies":[{"name":"wp","href":"https:\/\/api.w.org\/{rel}","templated":true}]}}