{"id":524,"date":"2024-06-07T14:55:19","date_gmt":"2024-06-07T14:55:19","guid":{"rendered":"https:\/\/insaneumatica.com\/?post_type=product&#038;p=524"},"modified":"2024-06-24T12:49:01","modified_gmt":"2024-06-24T12:49:01","slug":"compresor-2-hp-chicago-pneumatic-con-tanque-100-lts","status":"publish","type":"product","link":"https:\/\/insaneumatica.com\/index.php\/producto\/compresor-2-hp-chicago-pneumatic-con-tanque-100-lts\/","title":{"rendered":"COMPRESOR 2 HP CHICAGO PNEUMATIC CON TANQUE 100 LTS."},"content":{"rendered":"<p><span style=\"font-weight: 400\">Ideal para aplicaciones con herramienta neum\u00e1tica, (incluida carpinter\u00eda) herramienta para pintura dando servicio en sitio, port\u00e1til y f\u00e1cil de almacenar y transportar. La unidad de compresi\u00f3n en\u00a0 hierro fundido ayuda a incrementar la vida \u00fatil del producto, disminuir tiempos muertos y reducir el mantenimiento gracias a su alta su operaci\u00f3n por pistones.<\/span><\/p>\n<p><span style=\"font-weight: 400\">Potencia: 2 HP<br \/>\n<\/span><span style=\"font-weight: 400\">Voltaje: 220<\/span><span style=\"font-weight: 400\"><br \/>\n<\/span><span style=\"font-weight: 400\">Tanque: 100 Lts.<br \/>\n<\/span><span style=\"font-weight: 400\">Peso: 68 kg<br \/>\n<\/span><span style=\"font-weight: 400\">Dimensiones: 1080*450*780<\/span><\/p>\n","protected":false},"excerpt":{"rendered":"<p><span style=\"font-weight: 400\">Ideal para aplicaciones con herramienta neum\u00e1tica, (incluida carpinter\u00eda) herramienta para pintura dando servicio en sitio, port\u00e1til y f\u00e1cil de almacenar y transportar. La unidad de compresi\u00f3n en\u00a0 hierro fundido ayuda a incrementar la vida \u00fatil del producto, disminuir tiempos muertos y reducir el mantenimiento gracias a su alta su operaci\u00f3n por pistones.<\/span><\/p>\n<p><span style=\"font-weight: 400\">Potencia: 2 HP<br \/>\n<\/span><span style=\"font-weight: 400\">Voltaje: 220<\/span><span style=\"font-weight: 400\"><br \/>\n<\/span><span style=\"font-weight: 400\">Tanque: 100 Lts.<br \/>\n<\/span><span style=\"font-weight: 400\">Peso: 68 kg<br \/>\n<\/span><span style=\"font-weight: 400\">Dimensiones: 1080*450*780<\/span><\/p>\n<p><span style=\"font-weight: 400\"><br \/>\n<\/span><span style=\"font-weight: 400\">Peso: 68 kg<br \/>\n<\/span><span style=\"font-weight: 400\">Dimensiones: 1080*450*780<\/span><\/p>\n","protected":false},"featured_media":525,"comment_status":"closed","ping_status":"closed","template":"","meta":{"_et_pb_use_builder":"","_et_pb_old_content":"","_et_gb_content_width":""},"product_cat":[18],"product_tag":[],"class_list":{"0":"post-524","1":"product","2":"type-product","3":"status-publish","4":"has-post-thumbnail","6":"product_cat-compresores-a-piston","8":"first","9":"instock","10":"shipping-taxable","11":"product-type-simple"},"_links":{"self":[{"href":"https:\/\/insaneumatica.com\/index.php\/wp-json\/wp\/v2\/product\/524","targetHints":{"allow":["GET"]}}],"collection":[{"href":"https:\/\/insaneumatica.com\/index.php\/wp-json\/wp\/v2\/product"}],"about":[{"href":"https:\/\/insaneumatica.com\/index.php\/wp-json\/wp\/v2\/types\/product"}],"replies":[{"embeddable":true,"href":"https:\/\/insaneumatica.com\/index.php\/wp-json\/wp\/v2\/comments?post=524"}],"wp:featuredmedia":[{"embeddable":true,"href":"https:\/\/insaneumatica.com\/index.php\/wp-json\/wp\/v2\/media\/525"}],"wp:attachment":[{"href":"https:\/\/insaneumatica.com\/index.php\/wp-json\/wp\/v2\/media?parent=524"}],"wp:term":[{"taxonomy":"product_cat","embeddable":true,"href":"https:\/\/insaneumatica.com\/index.php\/wp-json\/wp\/v2\/product_cat?post=524"},{"taxonomy":"product_tag","embeddable":true,"href":"https:\/\/insaneumatica.com\/index.php\/wp-json\/wp\/v2\/product_tag?post=524"}],"curies":[{"name":"wp","href":"https:\/\/api.w.org\/{rel}","templated":true}]}}