{"id":521,"date":"2024-06-07T13:14:45","date_gmt":"2024-06-07T13:14:45","guid":{"rendered":"https:\/\/insaneumatica.com\/?post_type=product&#038;p=521"},"modified":"2024-06-25T11:13:44","modified_gmt":"2024-06-25T11:13:44","slug":"secadora-sunwin-psw-3-htf","status":"publish","type":"product","link":"https:\/\/insaneumatica.com\/index.php\/producto\/secadora-sunwin-psw-3-htf\/","title":{"rendered":"SECADORA SUNWIN PSW &#8211; 3 HTF"},"content":{"rendered":"<p><span style=\"font-weight: 400\">El secador de aire comprimido refrigerado obliga al aire comprimido a pasar por el evaporador para hacer un intercambio de calor para enfriar, despu\u00e9s de que el agua gaseosa y el aceite en el aire comprimido se enfr\u00eden a la misma presi\u00f3n.<br \/>\n<\/span><span style=\"font-weight: 400\">&#8211; Refrigerante ecol\u00f3gico con R410A.<br \/>\n<\/span><span style=\"font-weight: 400\">Capacidad (Nm3\/min): 3.8<br \/>\n<\/span><span style=\"font-weight: 400\">Potencia (Kw): 1.25<\/span><span style=\"font-weight: 400\"><br \/>\n<\/span><span style=\"font-weight: 400\">Peso: 105 Kg<\/span><span style=\"font-weight: 400\"><br \/>\n<\/span><span style=\"font-weight: 400\">Dimensiones (LWH): 850*500*920<\/span><\/p>\n","protected":false},"excerpt":{"rendered":"<p><span style=\"font-weight: 400\">El secador de aire comprimido refrigerado obliga al aire comprimido a pasar por el evaporador para hacer un intercambio de calor para enfriar, despu\u00e9s de que el agua gaseosa y el aceite en el aire comprimido se enfr\u00eden a la misma presi\u00f3n.<br \/>\n<\/span><span style=\"font-weight: 400\">-Refrigerante ecol\u00f3gico con R410A<br \/>\n<\/span><span style=\"font-weight: 400\">Capacidad (Nm3\/min): 3.8<br \/>\n<\/span><span style=\"font-weight: 400\">Potencia (Kw): 1.25<\/span><span style=\"font-weight: 400\"><br \/>\n<\/span><span style=\"font-weight: 400\">Peso: 105 Kg<\/span><span style=\"font-weight: 400\"><br \/>\n<\/span><span style=\"font-weight: 400\">Dimensiones (LWH): 850*500*920<\/span><\/p>\n","protected":false},"featured_media":606,"comment_status":"closed","ping_status":"closed","template":"","meta":{"_et_pb_use_builder":"","_et_pb_old_content":"","_et_gb_content_width":""},"product_cat":[29],"product_tag":[],"class_list":{"0":"post-521","1":"product","2":"type-product","3":"status-publish","4":"has-post-thumbnail","6":"product_cat-secadoras-aire","8":"first","9":"instock","10":"shipping-taxable","11":"product-type-simple"},"_links":{"self":[{"href":"https:\/\/insaneumatica.com\/index.php\/wp-json\/wp\/v2\/product\/521","targetHints":{"allow":["GET"]}}],"collection":[{"href":"https:\/\/insaneumatica.com\/index.php\/wp-json\/wp\/v2\/product"}],"about":[{"href":"https:\/\/insaneumatica.com\/index.php\/wp-json\/wp\/v2\/types\/product"}],"replies":[{"embeddable":true,"href":"https:\/\/insaneumatica.com\/index.php\/wp-json\/wp\/v2\/comments?post=521"}],"wp:featuredmedia":[{"embeddable":true,"href":"https:\/\/insaneumatica.com\/index.php\/wp-json\/wp\/v2\/media\/606"}],"wp:attachment":[{"href":"https:\/\/insaneumatica.com\/index.php\/wp-json\/wp\/v2\/media?parent=521"}],"wp:term":[{"taxonomy":"product_cat","embeddable":true,"href":"https:\/\/insaneumatica.com\/index.php\/wp-json\/wp\/v2\/product_cat?post=521"},{"taxonomy":"product_tag","embeddable":true,"href":"https:\/\/insaneumatica.com\/index.php\/wp-json\/wp\/v2\/product_tag?post=521"}],"curies":[{"name":"wp","href":"https:\/\/api.w.org\/{rel}","templated":true}]}}