{"id":517,"date":"2024-06-05T18:18:48","date_gmt":"2024-06-05T18:18:48","guid":{"rendered":"https:\/\/insaneumatica.com\/?post_type=product&#038;p=517"},"modified":"2024-06-25T11:15:04","modified_gmt":"2024-06-25T11:15:04","slug":"secadora-sunwin-psw-6htf","status":"publish","type":"product","link":"https:\/\/insaneumatica.com\/index.php\/producto\/secadora-sunwin-psw-6htf\/","title":{"rendered":"SECADORA SUNWIN PSW &#8211; 6HTF"},"content":{"rendered":"<p><span style=\"font-weight: 400\">El secador de aire comprimido refrigerado est\u00e1 de acuerdo con el principio de deshumidificaci\u00f3n congelada, obliga al aire comprimido a pasar por el evaporador para hacer un intercambio de calor para enfriar, despu\u00e9s de que el agua gaseosa y el aceite en el aire comprimido se enfr\u00eden a la misma presi\u00f3n.<br \/>\n<\/span><span style=\"font-weight: 400\">&#8211; Refrigerante ecol\u00f3gico con R410A.<br \/>\n<\/span><span style=\"font-weight: 400\">Capacidad (Nm3\/min) : 6.5<br \/>\n<\/span><span style=\"font-weight: 400\">Potencia (Kw): 1.5<\/span><span style=\"font-weight: 400\"><br \/>\n<\/span><span style=\"font-weight: 400\">Peso: 150Kg<\/span><span style=\"font-weight: 400\"><br \/>\n<\/span><span style=\"font-weight: 400\">Dimensiones (LWH): 880*550*1020<\/span><\/p>\n","protected":false},"excerpt":{"rendered":"<p><span style=\"font-weight: 400\">El secador de aire comprimido refrigerado est\u00e1 de acuerdo con el principio de deshumidificaci\u00f3n congelada, obliga al aire comprimido a pasar por el evaporador para hacer un intercambio de calor para enfriar, despu\u00e9s de que el agua gaseosa y el aceite en el aire comprimido se enfr\u00eden a la misma presi\u00f3n.<\/span><span style=\"font-weight: 400\"><br \/>\n<\/span><span style=\"font-weight: 400\">&#8211; Refrigerante ecol\u00f3gico con R410A.<\/span><span style=\"font-weight: 400\"><br \/>\n<\/span><span style=\"font-weight: 400\">Capacidad (Nm3\/min) : 6.5<br \/>\n<\/span><span style=\"font-weight: 400\">Potencia (Kw): 1.5<\/span><span style=\"font-weight: 400\"><br \/>\n<\/span><span style=\"font-weight: 400\">Peso: 150Kg<\/span><span style=\"font-weight: 400\"><br \/>\n<\/span><span style=\"font-weight: 400\">Dimensiones (LWH): 880*550*1020<\/span><\/p>\n","protected":false},"featured_media":605,"comment_status":"closed","ping_status":"closed","template":"","meta":{"_et_pb_use_builder":"","_et_pb_old_content":"","_et_gb_content_width":""},"product_cat":[29],"product_tag":[],"class_list":{"0":"post-517","1":"product","2":"type-product","3":"status-publish","4":"has-post-thumbnail","6":"product_cat-secadoras-aire","8":"first","9":"instock","10":"shipping-taxable","11":"product-type-simple"},"_links":{"self":[{"href":"https:\/\/insaneumatica.com\/index.php\/wp-json\/wp\/v2\/product\/517","targetHints":{"allow":["GET"]}}],"collection":[{"href":"https:\/\/insaneumatica.com\/index.php\/wp-json\/wp\/v2\/product"}],"about":[{"href":"https:\/\/insaneumatica.com\/index.php\/wp-json\/wp\/v2\/types\/product"}],"replies":[{"embeddable":true,"href":"https:\/\/insaneumatica.com\/index.php\/wp-json\/wp\/v2\/comments?post=517"}],"wp:featuredmedia":[{"embeddable":true,"href":"https:\/\/insaneumatica.com\/index.php\/wp-json\/wp\/v2\/media\/605"}],"wp:attachment":[{"href":"https:\/\/insaneumatica.com\/index.php\/wp-json\/wp\/v2\/media?parent=517"}],"wp:term":[{"taxonomy":"product_cat","embeddable":true,"href":"https:\/\/insaneumatica.com\/index.php\/wp-json\/wp\/v2\/product_cat?post=517"},{"taxonomy":"product_tag","embeddable":true,"href":"https:\/\/insaneumatica.com\/index.php\/wp-json\/wp\/v2\/product_tag?post=517"}],"curies":[{"name":"wp","href":"https:\/\/api.w.org\/{rel}","templated":true}]}}