{"id":502,"date":"2024-06-04T19:53:53","date_gmt":"2024-06-04T19:53:53","guid":{"rendered":"https:\/\/insaneumatica.com\/?post_type=product&#038;p=502"},"modified":"2024-06-25T11:20:10","modified_gmt":"2024-06-25T11:20:10","slug":"secadora-chicago-pneumatic-cpx-80","status":"publish","type":"product","link":"https:\/\/insaneumatica.com\/index.php\/producto\/secadora-chicago-pneumatic-cpx-80\/","title":{"rendered":"SECADORA DE AIRE CHICAGO PNEUMATIC CPX 80"},"content":{"rendered":"<ul>\n<li><span style=\"font-weight: 400\">Pantalla de informaci\u00f3n de secadora aumentada<\/span><\/li>\n<li style=\"font-weight: 400\"><span style=\"font-weight: 400\">Recordatorio de servicio disponible<\/span><\/li>\n<li style=\"font-weight: 400\"><span style=\"font-weight: 400\">Alarmas remotas disponibles<\/span><\/li>\n<li style=\"font-weight: 400\"><span style=\"font-weight: 400\">Dise\u00f1o ligero y compacto, no requiere ning\u00fan equipo especial<\/span><\/li>\n<li style=\"font-weight: 400\"><span style=\"font-weight: 400\">El mantenimiento simplificado ayuda a minimizar los costos de servicio.<\/span><\/li>\n<li style=\"font-weight: 400\"><span style=\"font-weight: 400\">El controlador electr\u00f3nico indica toda la informaci\u00f3n t\u00e9cnica relevante sobre el estado del secador frigor\u00edfico, as\u00ed como la indicaci\u00f3n del punto de roc\u00edo.<\/span><\/li>\n<\/ul>\n<p><span style=\"font-weight: 400\">Capacidad: 2350 l\/min<\/span><span style=\"font-weight: 400\"><br \/>\n<\/span><span style=\"font-weight: 400\">Presi\u00f3n: 13 bar<\/span><span style=\"font-weight: 400\"><br \/>\n<\/span><span style=\"font-weight: 400\">Nivel de ruido: 57 db<\/span><span style=\"font-weight: 400\"><br \/>\n<\/span><span style=\"font-weight: 400\">Peso: 44kg<\/span><span style=\"font-weight: 400\"><br \/>\n<\/span><span style=\"font-weight: 400\">Dimensiones: 370 x 500 x 764<\/span><\/p>\n","protected":false},"excerpt":{"rendered":"<ul>\n<li><span style=\"font-weight: 400\">Pantalla de informaci\u00f3n de secadora aumentada<\/span><\/li>\n<li style=\"font-weight: 400\"><span style=\"font-weight: 400\">Recordatorio de servicio disponible<\/span><\/li>\n<li style=\"font-weight: 400\"><span style=\"font-weight: 400\">Alarmas remotas disponibles<\/span><\/li>\n<li style=\"font-weight: 400\"><span style=\"font-weight: 400\">Dise\u00f1o ligero y compacto, no requiere ning\u00fan equipo especial<\/span><\/li>\n<li style=\"font-weight: 400\"><span style=\"font-weight: 400\">El mantenimiento simplificado ayuda a minimizar los costos de servicio.<\/span><\/li>\n<li style=\"font-weight: 400\"><span style=\"font-weight: 400\">El controlador electr\u00f3nico indica toda la informaci\u00f3n t\u00e9cnica relevante sobre el estado del secador frigor\u00edfico, as\u00ed como la indicaci\u00f3n del punto de roc\u00edo.<\/span><\/li>\n<\/ul>\n<p><span style=\"font-weight: 400\">Capacidad: 2350 l\/min<\/span><span style=\"font-weight: 400\"><br \/>\n<\/span><span style=\"font-weight: 400\">Presi\u00f3n: 13 bar<\/span><span style=\"font-weight: 400\"><br \/>\n<\/span><span style=\"font-weight: 400\">Nivel de ruido: 57 db<\/span><span style=\"font-weight: 400\"><br \/>\n<\/span><span style=\"font-weight: 400\">Peso: 44kg<\/span><span style=\"font-weight: 400\"><br \/>\n<\/span><span style=\"font-weight: 400\">Dimensiones: 370 x 500 x 764<\/span><\/p>\n","protected":false},"featured_media":503,"comment_status":"closed","ping_status":"closed","template":"","meta":{"_et_pb_use_builder":"","_et_pb_old_content":"","_et_gb_content_width":""},"product_cat":[29],"product_tag":[],"class_list":{"0":"post-502","1":"product","2":"type-product","3":"status-publish","4":"has-post-thumbnail","6":"product_cat-secadoras-aire","8":"first","9":"instock","10":"shipping-taxable","11":"product-type-simple"},"_links":{"self":[{"href":"https:\/\/insaneumatica.com\/index.php\/wp-json\/wp\/v2\/product\/502","targetHints":{"allow":["GET"]}}],"collection":[{"href":"https:\/\/insaneumatica.com\/index.php\/wp-json\/wp\/v2\/product"}],"about":[{"href":"https:\/\/insaneumatica.com\/index.php\/wp-json\/wp\/v2\/types\/product"}],"replies":[{"embeddable":true,"href":"https:\/\/insaneumatica.com\/index.php\/wp-json\/wp\/v2\/comments?post=502"}],"wp:featuredmedia":[{"embeddable":true,"href":"https:\/\/insaneumatica.com\/index.php\/wp-json\/wp\/v2\/media\/503"}],"wp:attachment":[{"href":"https:\/\/insaneumatica.com\/index.php\/wp-json\/wp\/v2\/media?parent=502"}],"wp:term":[{"taxonomy":"product_cat","embeddable":true,"href":"https:\/\/insaneumatica.com\/index.php\/wp-json\/wp\/v2\/product_cat?post=502"},{"taxonomy":"product_tag","embeddable":true,"href":"https:\/\/insaneumatica.com\/index.php\/wp-json\/wp\/v2\/product_tag?post=502"}],"curies":[{"name":"wp","href":"https:\/\/api.w.org\/{rel}","templated":true}]}}