{"id":479,"date":"2024-06-03T14:53:25","date_gmt":"2024-06-03T14:53:25","guid":{"rendered":"https:\/\/insaneumatica.com\/?post_type=product&#038;p=479"},"modified":"2024-08-02T11:17:39","modified_gmt":"2024-08-02T11:17:39","slug":"cp7265p-lijadora-pulidora","status":"publish","type":"product","link":"https:\/\/insaneumatica.com\/index.php\/producto\/cp7265p-lijadora-pulidora\/","title":{"rendered":"CP7265P &#8211; Lijadora\/Pulidora"},"content":{"rendered":"<p><span style=\"font-weight: 400\">Dise\u00f1ada para aplicaciones de talleres de carrocer\u00eda como desbaste en masilla, soldadura, alisado, pintura, eliminaci\u00f3n de \u00f3xido y piedra o pulido de pintura, metal, madera o pl\u00e1stico, esta serie de lijadoras o pulidoras giratorias de 7&#8243; (178 mm) ofrece eficiencia con su potencia de 0,7 hp (500 W). Este modelo pertenece a la serie CP7265 que se compone de 2 modelos: lijadoras y pulidoras giratorias de 7&#8243; (178 mm)<\/span><span style=\"font-weight: 400\"><br \/>\n<\/span><span style=\"font-weight: 400\">Tama\u00f1o de la rosca de entrada de aire (pulg): 1\/4<br \/>\n<\/span><span style=\"font-weight: 400\">Presi\u00f3n m\u00e1x. de trabajo de aire din\u00e1mico: 6.3 bar<br \/>\n<\/span><span style=\"font-weight: 400\">Longitud (L): 300 mm<br \/>\n<\/span><span style=\"font-weight: 400\">Di\u00e1metro m\u00edn. de manguera: 0.38 in<br \/>\n<\/span><span style=\"font-weight: 400\">Velocidad libre: 2100 rpm<\/span><span style=\"font-weight: 400\"><br \/>\n<\/span><span style=\"font-weight: 400\">Potencia m\u00e1x: 500 W<\/span><span style=\"font-weight: 400\"><br \/>\n<\/span><span style=\"font-weight: 400\">Peso: 2.3 Kg<\/span><\/p>\n","protected":false},"excerpt":{"rendered":"<p><span style=\"font-weight: 400\">Dise\u00f1ada para aplicaciones de talleres de carrocer\u00eda como desbaste en masilla, soldadura, alisado, pintura, eliminaci\u00f3n de \u00f3xido y piedra o pulido de pintura, metal, madera o pl\u00e1stico, esta serie de lijadoras o pulidoras giratorias de 7&#8243; (178 mm) ofrece eficiencia con su potencia de 0,7 hp (500 W). Este modelo pertenece a la serie CP7265 que se compone de 2 modelos: lijadoras y pulidoras giratorias de 7&#8243; (178 mm)<\/span><span style=\"font-weight: 400\"><br \/>\n<\/span><span style=\"font-weight: 400\">Tama\u00f1o de la rosca de entrada de aire (pulg): 1\/4<br \/>\n<\/span><span style=\"font-weight: 400\">Presi\u00f3n m\u00e1x. de trabajo de aire din\u00e1mico: 6.3 bar<br \/>\n<\/span><span style=\"font-weight: 400\">Longitud (L): 300 mm<br \/>\n<\/span><span style=\"font-weight: 400\">Di\u00e1metro m\u00edn. de manguera: 0.38 in<br \/>\n<\/span><span style=\"font-weight: 400\">Velocidad libre: 2100 rpm<\/span><span style=\"font-weight: 400\"><br \/>\n<\/span><span style=\"font-weight: 400\">Potencia m\u00e1x: 500 W<\/span><span style=\"font-weight: 400\"><br \/>\n<\/span><span style=\"font-weight: 400\">Peso: 2.3 Kg<\/span><\/p>\n","protected":false},"featured_media":480,"comment_status":"closed","ping_status":"closed","template":"","meta":{"_et_pb_use_builder":"","_et_pb_old_content":"","_et_gb_content_width":""},"product_cat":[28],"product_tag":[],"class_list":{"0":"post-479","1":"product","2":"type-product","3":"status-publish","4":"has-post-thumbnail","6":"product_cat-herramientas-neumaticas","8":"first","9":"instock","10":"shipping-taxable","11":"product-type-simple"},"_links":{"self":[{"href":"https:\/\/insaneumatica.com\/index.php\/wp-json\/wp\/v2\/product\/479","targetHints":{"allow":["GET"]}}],"collection":[{"href":"https:\/\/insaneumatica.com\/index.php\/wp-json\/wp\/v2\/product"}],"about":[{"href":"https:\/\/insaneumatica.com\/index.php\/wp-json\/wp\/v2\/types\/product"}],"replies":[{"embeddable":true,"href":"https:\/\/insaneumatica.com\/index.php\/wp-json\/wp\/v2\/comments?post=479"}],"wp:featuredmedia":[{"embeddable":true,"href":"https:\/\/insaneumatica.com\/index.php\/wp-json\/wp\/v2\/media\/480"}],"wp:attachment":[{"href":"https:\/\/insaneumatica.com\/index.php\/wp-json\/wp\/v2\/media?parent=479"}],"wp:term":[{"taxonomy":"product_cat","embeddable":true,"href":"https:\/\/insaneumatica.com\/index.php\/wp-json\/wp\/v2\/product_cat?post=479"},{"taxonomy":"product_tag","embeddable":true,"href":"https:\/\/insaneumatica.com\/index.php\/wp-json\/wp\/v2\/product_tag?post=479"}],"curies":[{"name":"wp","href":"https:\/\/api.w.org\/{rel}","templated":true}]}}