{"id":472,"date":"2024-06-03T14:32:05","date_gmt":"2024-06-03T14:32:05","guid":{"rendered":"https:\/\/insaneumatica.com\/?post_type=product&#038;p=472"},"modified":"2024-08-02T11:19:15","modified_gmt":"2024-08-02T11:19:15","slug":"cp7201p-pulidora-de-pistola","status":"publish","type":"product","link":"https:\/\/insaneumatica.com\/index.php\/producto\/cp7201p-pulidora-de-pistola\/","title":{"rendered":"CP7201P &#8211; Pulidora de pistola"},"content":{"rendered":"<p><span style=\"font-weight: 400\">Dise\u00f1ada para aplicaciones en talleres de carrocer\u00eda como la preparaci\u00f3n de superficies, esta serie de pulidoras de 3&#8243; ofrece compacidad con su longitud de 4,88&#8243; (124 mm) y su peso de 4,2 lb (1,9 kg). Este modelo pertenece a la serie CP7201 que se compone de 2 modelos: la propia herramienta y un kit.<\/span><span style=\"font-weight: 400\"><br \/>\n<\/span><span style=\"font-weight: 400\">Consumo real de aire: 510 l\/mn<br \/>\n<\/span><span style=\"font-weight: 400\">Tama\u00f1o de la rosca de entrada de aire: 1\/4&#8243;<br \/>\n<\/span><span style=\"font-weight: 400\">Consumo medio de aire: 255 l\/mn<br \/>\n<\/span><span style=\"font-weight: 400\">Velocidad libre: 2500 rpm<br \/>\n<\/span><span style=\"font-weight: 400\">Consumo de aire en velocidad libre: 5 l\/s<br \/>\n<\/span><span style=\"font-weight: 400\">Tama\u00f1o de la manguera: 10 mm<br \/>\n<\/span><span style=\"font-weight: 400\">Peso neto: 1,9 kg<\/span><\/p>\n","protected":false},"excerpt":{"rendered":"<p><span style=\"font-weight: 400\">Dise\u00f1ada para aplicaciones en talleres de carrocer\u00eda como la preparaci\u00f3n de superficies, esta serie de pulidoras de 3&#8243; ofrece compacidad con su longitud de 4,88&#8243; (124 mm) y su peso de 4,2 lb (1,9 kg). Este modelo pertenece a la serie CP7201 que se compone de 2 modelos: la propia herramienta y un kit.<\/span><span style=\"font-weight: 400\"><br \/>\n<\/span><span style=\"font-weight: 400\">Consumo real de aire: 510 l\/mn<br \/>\n<\/span><span style=\"font-weight: 400\">Tama\u00f1o de la rosca de entrada de aire: 1\/4&#8243;<br \/>\n<\/span><span style=\"font-weight: 400\">Consumo medio de aire: 255 l\/mn<br \/>\n<\/span><span style=\"font-weight: 400\">Velocidad libre: 2500 rpm<br \/>\n<\/span><span style=\"font-weight: 400\">Consumo de aire en velocidad libre: 5 l\/s<br \/>\n<\/span><span style=\"font-weight: 400\">Tama\u00f1o de la manguera: 10 mm<br \/>\n<\/span><span style=\"font-weight: 400\">Peso neto: 1,9 kg<\/span><\/p>\n","protected":false},"featured_media":474,"comment_status":"closed","ping_status":"closed","template":"","meta":{"_et_pb_use_builder":"","_et_pb_old_content":"","_et_gb_content_width":""},"product_cat":[28],"product_tag":[],"class_list":{"0":"post-472","1":"product","2":"type-product","3":"status-publish","4":"has-post-thumbnail","6":"product_cat-herramientas-neumaticas","8":"first","9":"instock","10":"shipping-taxable","11":"product-type-simple"},"_links":{"self":[{"href":"https:\/\/insaneumatica.com\/index.php\/wp-json\/wp\/v2\/product\/472","targetHints":{"allow":["GET"]}}],"collection":[{"href":"https:\/\/insaneumatica.com\/index.php\/wp-json\/wp\/v2\/product"}],"about":[{"href":"https:\/\/insaneumatica.com\/index.php\/wp-json\/wp\/v2\/types\/product"}],"replies":[{"embeddable":true,"href":"https:\/\/insaneumatica.com\/index.php\/wp-json\/wp\/v2\/comments?post=472"}],"wp:featuredmedia":[{"embeddable":true,"href":"https:\/\/insaneumatica.com\/index.php\/wp-json\/wp\/v2\/media\/474"}],"wp:attachment":[{"href":"https:\/\/insaneumatica.com\/index.php\/wp-json\/wp\/v2\/media?parent=472"}],"wp:term":[{"taxonomy":"product_cat","embeddable":true,"href":"https:\/\/insaneumatica.com\/index.php\/wp-json\/wp\/v2\/product_cat?post=472"},{"taxonomy":"product_tag","embeddable":true,"href":"https:\/\/insaneumatica.com\/index.php\/wp-json\/wp\/v2\/product_tag?post=472"}],"curies":[{"name":"wp","href":"https:\/\/api.w.org\/{rel}","templated":true}]}}