{"id":470,"date":"2024-06-03T14:27:32","date_gmt":"2024-06-03T14:27:32","guid":{"rendered":"https:\/\/insaneumatica.com\/?post_type=product&#038;p=470"},"modified":"2024-08-02T11:19:40","modified_gmt":"2024-08-02T11:19:40","slug":"cp872-amoladora-de-troquel","status":"publish","type":"product","link":"https:\/\/insaneumatica.com\/index.php\/producto\/cp872-amoladora-de-troquel\/","title":{"rendered":"CP872 &#8211; Amoladora de troquel"},"content":{"rendered":"<p><span style=\"font-weight: 400\">Dise\u00f1ada para mantenimiento general, la serie CP872 est\u00e1 equipada con un motor confiable de 0,6 hp (470 W) y un cuerpo de aluminio para brindar resistencia y ligereza. Equipada con un regulador neum\u00e1tico integrado, tambi\u00e9n cuenta con una palanca de seguridad contorneada para garantizar la seguridad del operador durante las aplicaciones de amolado de alta velocidad.<\/span><span style=\"font-weight: 400\"><br \/>\n<\/span><span style=\"font-weight: 400\">Di\u00e1metro m\u00edn. de manguera:0.38 in<br \/>\n<\/span><span style=\"font-weight: 400\">Presi\u00f3n m\u00e1x. de trabajo de aire din\u00e1mico: 6.3 bar<br \/>\n<\/span><span style=\"font-weight: 400\">Peso: 0.57 kg<br \/>\n<\/span><span style=\"font-weight: 400\">Potencia m\u00e1x.: 470 W<br \/>\n<\/span><span style=\"font-weight: 400\">Tama\u00f1o de la rosca de entrada de aire: 1\/4<\/span><\/p>\n","protected":false},"excerpt":{"rendered":"<p><span style=\"font-weight: 400\">Dise\u00f1ada para mantenimiento general, la serie CP872 est\u00e1 equipada con un motor confiable de 0,6 hp (470 W) y un cuerpo de aluminio para brindar resistencia y ligereza. Equipada con un regulador neum\u00e1tico integrado, tambi\u00e9n cuenta con una palanca de seguridad contorneada para garantizar la seguridad del operador durante las aplicaciones de amolado de alta velocidad.<\/span><span style=\"font-weight: 400\"><br \/>\n<\/span><span style=\"font-weight: 400\">Di\u00e1metro m\u00edn. de manguera:0.38 in<br \/>\n<\/span><span style=\"font-weight: 400\">Presi\u00f3n m\u00e1x. de trabajo de aire din\u00e1mico: 6.3 bar<br \/>\n<\/span><span style=\"font-weight: 400\">Peso: 0.57 kg<br \/>\n<\/span><span style=\"font-weight: 400\">Potencia m\u00e1x.: 470 W<br \/>\n<\/span><span style=\"font-weight: 400\">Tama\u00f1o de la rosca de entrada de aire: 1\/4<\/span><\/p>\n","protected":false},"featured_media":471,"comment_status":"closed","ping_status":"closed","template":"","meta":{"_et_pb_use_builder":"","_et_pb_old_content":"","_et_gb_content_width":""},"product_cat":[28],"product_tag":[],"class_list":{"0":"post-470","1":"product","2":"type-product","3":"status-publish","4":"has-post-thumbnail","6":"product_cat-herramientas-neumaticas","8":"first","9":"instock","10":"shipping-taxable","11":"product-type-simple"},"_links":{"self":[{"href":"https:\/\/insaneumatica.com\/index.php\/wp-json\/wp\/v2\/product\/470","targetHints":{"allow":["GET"]}}],"collection":[{"href":"https:\/\/insaneumatica.com\/index.php\/wp-json\/wp\/v2\/product"}],"about":[{"href":"https:\/\/insaneumatica.com\/index.php\/wp-json\/wp\/v2\/types\/product"}],"replies":[{"embeddable":true,"href":"https:\/\/insaneumatica.com\/index.php\/wp-json\/wp\/v2\/comments?post=470"}],"wp:featuredmedia":[{"embeddable":true,"href":"https:\/\/insaneumatica.com\/index.php\/wp-json\/wp\/v2\/media\/471"}],"wp:attachment":[{"href":"https:\/\/insaneumatica.com\/index.php\/wp-json\/wp\/v2\/media?parent=470"}],"wp:term":[{"taxonomy":"product_cat","embeddable":true,"href":"https:\/\/insaneumatica.com\/index.php\/wp-json\/wp\/v2\/product_cat?post=470"},{"taxonomy":"product_tag","embeddable":true,"href":"https:\/\/insaneumatica.com\/index.php\/wp-json\/wp\/v2\/product_tag?post=470"}],"curies":[{"name":"wp","href":"https:\/\/api.w.org\/{rel}","templated":true}]}}