{"id":468,"date":"2024-06-03T14:22:01","date_gmt":"2024-06-03T14:22:01","guid":{"rendered":"https:\/\/insaneumatica.com\/?post_type=product&#038;p=468"},"modified":"2024-08-02T11:20:08","modified_gmt":"2024-08-02T11:20:08","slug":"cp875-amoladora-de-troquel","status":"publish","type":"product","link":"https:\/\/insaneumatica.com\/index.php\/producto\/cp875-amoladora-de-troquel\/","title":{"rendered":"CP875 &#8211; Amoladora de troquel"},"content":{"rendered":"<p><span style=\"font-weight: 400\">Disfrute de los beneficios de esta amoladora de troqueles CP875 extremadamente compacta, dise\u00f1ada para operadores que trabajan en mantenimiento general y especialmente en espacios reducidos.<\/span><span style=\"font-weight: 400\"><br \/>\n<\/span><span style=\"font-weight: 400\">Di\u00e1metro m\u00edn. de manguera: 0.38 in<br \/>\n<\/span><span style=\"font-weight: 400\">Presi\u00f3n m\u00e1x. de trabajo de aire din\u00e1mico: 6.3 bar<br \/>\n<\/span><span style=\"font-weight: 400\">Peso: 0.45 kg<br \/>\n<\/span><span style=\"font-weight: 400\">Longitud (L):124 mm<\/span><\/p>\n","protected":false},"excerpt":{"rendered":"<p><span style=\"font-weight: 400\">Disfrute de los beneficios de esta amoladora de troqueles CP875 extremadamente compacta, dise\u00f1ada para operadores que trabajan en mantenimiento general y especialmente en espacios reducidos.<\/span><span style=\"font-weight: 400\"><br \/>\n<\/span><span style=\"font-weight: 400\">Di\u00e1metro m\u00edn. de manguera: 0.38 in<br \/>\n<\/span><span style=\"font-weight: 400\">Presi\u00f3n m\u00e1x. de trabajo de aire din\u00e1mico: 6.3 bar<br \/>\n<\/span><span style=\"font-weight: 400\">Peso: 0.45 kg<br \/>\n<\/span><span style=\"font-weight: 400\">Longitud (L):124 mm<\/span><\/p>\n","protected":false},"featured_media":469,"comment_status":"closed","ping_status":"closed","template":"","meta":{"_et_pb_use_builder":"","_et_pb_old_content":"","_et_gb_content_width":""},"product_cat":[28],"product_tag":[],"class_list":{"0":"post-468","1":"product","2":"type-product","3":"status-publish","4":"has-post-thumbnail","6":"product_cat-herramientas-neumaticas","8":"first","9":"instock","10":"shipping-taxable","11":"product-type-simple"},"_links":{"self":[{"href":"https:\/\/insaneumatica.com\/index.php\/wp-json\/wp\/v2\/product\/468","targetHints":{"allow":["GET"]}}],"collection":[{"href":"https:\/\/insaneumatica.com\/index.php\/wp-json\/wp\/v2\/product"}],"about":[{"href":"https:\/\/insaneumatica.com\/index.php\/wp-json\/wp\/v2\/types\/product"}],"replies":[{"embeddable":true,"href":"https:\/\/insaneumatica.com\/index.php\/wp-json\/wp\/v2\/comments?post=468"}],"wp:featuredmedia":[{"embeddable":true,"href":"https:\/\/insaneumatica.com\/index.php\/wp-json\/wp\/v2\/media\/469"}],"wp:attachment":[{"href":"https:\/\/insaneumatica.com\/index.php\/wp-json\/wp\/v2\/media?parent=468"}],"wp:term":[{"taxonomy":"product_cat","embeddable":true,"href":"https:\/\/insaneumatica.com\/index.php\/wp-json\/wp\/v2\/product_cat?post=468"},{"taxonomy":"product_tag","embeddable":true,"href":"https:\/\/insaneumatica.com\/index.php\/wp-json\/wp\/v2\/product_tag?post=468"}],"curies":[{"name":"wp","href":"https:\/\/api.w.org\/{rel}","templated":true}]}}