{"id":464,"date":"2024-06-03T14:13:48","date_gmt":"2024-06-03T14:13:48","guid":{"rendered":"https:\/\/insaneumatica.com\/?post_type=product&#038;p=464"},"modified":"2024-08-02T11:22:04","modified_gmt":"2024-08-02T11:22:04","slug":"cp7268-lijadora-en-linea","status":"publish","type":"product","link":"https:\/\/insaneumatica.com\/index.php\/producto\/cp7268-lijadora-en-linea\/","title":{"rendered":"CP7268 &#8211; Lijadora en l\u00ednea"},"content":{"rendered":"<p><span style=\"font-weight: 400\">Para los operadores que trabajan en aplicaciones de talleres de carrocer\u00eda para la eliminaci\u00f3n r\u00e1pida de material, alisado de la carrocer\u00eda y para superficies grandes que buscan herramientas eficientes, la serie CP7268 es la lijadora neum\u00e1tica de l\u00ednea recta que necesitan.<br \/>\n<\/span><span style=\"font-weight: 400\">Tama\u00f1o de la rosca de entrada de aire (pulg): 1\/4<br \/>\n<\/span><span style=\"font-weight: 400\">Presi\u00f3n m\u00e1x. de trabajo de aire din\u00e1mico: 6.3 bar<br \/>\n<\/span><span style=\"font-weight: 400\">Peso: 2.75 kg.<br \/>\n<\/span><span style=\"font-weight: 400\">Di\u00e1metro m\u00edn. de manguera: 0.4 mm<\/span><\/p>\n","protected":false},"excerpt":{"rendered":"<p><span style=\"font-weight: 400\">Para los operadores que trabajan en aplicaciones de talleres de carrocer\u00eda para la eliminaci\u00f3n r\u00e1pida de material, alisado de la carrocer\u00eda y para superficies grandes que buscan herramientas eficientes, la serie CP7268 es la lijadora neum\u00e1tica de l\u00ednea recta que necesitan.<br \/>\n<\/span><span style=\"font-weight: 400\">Tama\u00f1o de la rosca de entrada de aire (pulg): 1\/4<br \/>\n<\/span><span style=\"font-weight: 400\">Presi\u00f3n m\u00e1x. de trabajo de aire din\u00e1mico: 6.3 bar<br \/>\n<\/span><span style=\"font-weight: 400\">Peso: 2.75 kg.<br \/>\n<\/span><span style=\"font-weight: 400\">Di\u00e1metro m\u00edn. de manguera: 0.4 mm<\/span><\/p>\n","protected":false},"featured_media":465,"comment_status":"closed","ping_status":"closed","template":"","meta":{"_et_pb_use_builder":"","_et_pb_old_content":"","_et_gb_content_width":""},"product_cat":[28],"product_tag":[],"class_list":{"0":"post-464","1":"product","2":"type-product","3":"status-publish","4":"has-post-thumbnail","6":"product_cat-herramientas-neumaticas","8":"first","9":"instock","10":"shipping-taxable","11":"product-type-simple"},"_links":{"self":[{"href":"https:\/\/insaneumatica.com\/index.php\/wp-json\/wp\/v2\/product\/464","targetHints":{"allow":["GET"]}}],"collection":[{"href":"https:\/\/insaneumatica.com\/index.php\/wp-json\/wp\/v2\/product"}],"about":[{"href":"https:\/\/insaneumatica.com\/index.php\/wp-json\/wp\/v2\/types\/product"}],"replies":[{"embeddable":true,"href":"https:\/\/insaneumatica.com\/index.php\/wp-json\/wp\/v2\/comments?post=464"}],"wp:featuredmedia":[{"embeddable":true,"href":"https:\/\/insaneumatica.com\/index.php\/wp-json\/wp\/v2\/media\/465"}],"wp:attachment":[{"href":"https:\/\/insaneumatica.com\/index.php\/wp-json\/wp\/v2\/media?parent=464"}],"wp:term":[{"taxonomy":"product_cat","embeddable":true,"href":"https:\/\/insaneumatica.com\/index.php\/wp-json\/wp\/v2\/product_cat?post=464"},{"taxonomy":"product_tag","embeddable":true,"href":"https:\/\/insaneumatica.com\/index.php\/wp-json\/wp\/v2\/product_tag?post=464"}],"curies":[{"name":"wp","href":"https:\/\/api.w.org\/{rel}","templated":true}]}}