{"id":452,"date":"2024-05-30T13:26:36","date_gmt":"2024-05-30T13:26:36","guid":{"rendered":"https:\/\/insaneumatica.com\/?post_type=product&#038;p=452"},"modified":"2024-08-02T11:25:33","modified_gmt":"2024-08-02T11:25:33","slug":"cp-2780-atornillador","status":"publish","type":"product","link":"https:\/\/insaneumatica.com\/index.php\/producto\/cp-2780-atornillador\/","title":{"rendered":"CP 2780 &#8211; Atornillador"},"content":{"rendered":"<p><span style=\"font-weight: 400\">Para operaciones de sujeci\u00f3n en aplicaciones blandas, el destornillador de embrague positivo CP2780 ofrece compacidad y alta velocidad para un alto rendimiento.<br \/>\n<\/span><span style=\"font-weight: 400\">Presi\u00f3n m\u00e1x. de trabajo de aire din\u00e1mico: 63 bar<br \/>\n<\/span><span style=\"font-weight: 400\">Consumo de aire a velocidad libre: 14 l\/s<br \/>\n<\/span><span style=\"font-weight: 400\">Altura (Al): 149 mm<br \/>\n<\/span><span style=\"font-weight: 400\">Tama\u00f1o de la rosca de entrada de aire (pulg): 1\/4<br \/>\n<\/span><span style=\"font-weight: 400\">Reversible: Si<br \/>\n<\/span><span style=\"font-weight: 400\">Peso: 1.06 kg<br \/>\n<\/span><span style=\"font-weight: 400\">Torque m\u00e1ximo de avance: 10 Nm<br \/>\n<\/span><span style=\"font-weight: 400\">Di\u00e1metro m\u00edn. de manguera: 10 mm<\/span><\/p>\n<p><span style=\"font-weight: 400\">\u00a0<\/span><\/p>\n","protected":false},"excerpt":{"rendered":"<p><span style=\"font-weight: 400\">Para operaciones de sujeci\u00f3n en aplicaciones blandas, el destornillador de embrague positivo CP2780 ofrece compacidad y alta velocidad para un alto rendimiento.<br \/>\nPresi\u00f3n m\u00e1x. de trabajo de aire din\u00e1mico: 63 bar<br \/>\nConsumo de aire a velocidad libre: 14 l\/s<br \/>\nAltura (Al): 149 mm<br \/>\nTama\u00f1o de la rosca de entrada de aire (pulg): 1\/4<br \/>\nReversible: Si<br \/>\nPeso: 1.06 kg<br \/>\nTorque m\u00e1ximo de avance: 10 Nm<br \/>\nDi\u00e1metro m\u00edn. de manguera: 10 mm<br \/>\n<\/span><\/p>\n","protected":false},"featured_media":453,"comment_status":"closed","ping_status":"closed","template":"","meta":{"_et_pb_use_builder":"","_et_pb_old_content":"","_et_gb_content_width":""},"product_cat":[28],"product_tag":[],"class_list":{"0":"post-452","1":"product","2":"type-product","3":"status-publish","4":"has-post-thumbnail","6":"product_cat-herramientas-neumaticas","8":"first","9":"instock","10":"shipping-taxable","11":"product-type-simple"},"_links":{"self":[{"href":"https:\/\/insaneumatica.com\/index.php\/wp-json\/wp\/v2\/product\/452","targetHints":{"allow":["GET"]}}],"collection":[{"href":"https:\/\/insaneumatica.com\/index.php\/wp-json\/wp\/v2\/product"}],"about":[{"href":"https:\/\/insaneumatica.com\/index.php\/wp-json\/wp\/v2\/types\/product"}],"replies":[{"embeddable":true,"href":"https:\/\/insaneumatica.com\/index.php\/wp-json\/wp\/v2\/comments?post=452"}],"wp:featuredmedia":[{"embeddable":true,"href":"https:\/\/insaneumatica.com\/index.php\/wp-json\/wp\/v2\/media\/453"}],"wp:attachment":[{"href":"https:\/\/insaneumatica.com\/index.php\/wp-json\/wp\/v2\/media?parent=452"}],"wp:term":[{"taxonomy":"product_cat","embeddable":true,"href":"https:\/\/insaneumatica.com\/index.php\/wp-json\/wp\/v2\/product_cat?post=452"},{"taxonomy":"product_tag","embeddable":true,"href":"https:\/\/insaneumatica.com\/index.php\/wp-json\/wp\/v2\/product_tag?post=452"}],"curies":[{"name":"wp","href":"https:\/\/api.w.org\/{rel}","templated":true}]}}