{"id":450,"date":"2024-05-30T13:19:42","date_gmt":"2024-05-30T13:19:42","guid":{"rendered":"https:\/\/insaneumatica.com\/?post_type=product&#038;p=450"},"modified":"2024-08-02T11:28:15","modified_gmt":"2024-08-02T11:28:15","slug":"cp-2612-atornillador-de-amortiguacion","status":"publish","type":"product","link":"https:\/\/insaneumatica.com\/index.php\/producto\/cp-2612-atornillador-de-amortiguacion\/","title":{"rendered":"CP 2612 &#8211; Atornillador de amortiguaci\u00f3n"},"content":{"rendered":"<p><span style=\"font-weight: 400\">Para operaciones de sujeci\u00f3n intensivas en aplicaciones de ensamblaje ligero y MRO (mantenimiento, reparaci\u00f3n y operaci\u00f3n), la serie CP2612 ofrece compacidad y versatilidad con 3 posiciones de entrada de aire.<br \/>\n<\/span><span style=\"font-weight: 400\">Tipo de embrague: Amortiguador<br \/>\n<\/span><span style=\"font-weight: 400\">Longitud: 7.5\u2033<br \/>\n<\/span><span style=\"font-weight: 400\">Peso neto: 1.99 lb<br \/>\n<\/span><span style=\"font-weight: 400\">Altura: 6.9\u2033<br \/>\n<\/span><span style=\"font-weight: 400\">Consumo de aire de velocidad libre: 21.189 cfm<br \/>\n<\/span><span style=\"font-weight: 400\">Tama\u00f1o de la rosca de entrada de aire: 1\/4\u2033<\/span><\/p>\n<p><span style=\"font-weight: 400\">\u00a0<\/span><\/p>\n","protected":false},"excerpt":{"rendered":"<p><span style=\"font-weight: 400\">Para operaciones de sujeci\u00f3n intensivas en aplicaciones de ensamblaje ligero y MRO (mantenimiento, reparaci\u00f3n y operaci\u00f3n), la serie CP2612 ofrece compacidad y versatilidad con 3 posiciones de entrada de aire.<br \/>\nTipo de embrague: Amortiguador<br \/>\nLongitud: 7.5\u2033<br \/>\nPeso neto: 1.99 lb<br \/>\nAltura: 6.9\u2033<br \/>\nConsumo de aire de velocidad libre: 21.189 cfm<br \/>\nTama\u00f1o de la rosca de entrada de aire: 1\/4\u2033<br \/>\n<\/span><\/p>\n","protected":false},"featured_media":451,"comment_status":"closed","ping_status":"closed","template":"","meta":{"_et_pb_use_builder":"","_et_pb_old_content":"","_et_gb_content_width":""},"product_cat":[28],"product_tag":[],"class_list":{"0":"post-450","1":"product","2":"type-product","3":"status-publish","4":"has-post-thumbnail","6":"product_cat-herramientas-neumaticas","8":"first","9":"instock","10":"shipping-taxable","11":"product-type-simple"},"_links":{"self":[{"href":"https:\/\/insaneumatica.com\/index.php\/wp-json\/wp\/v2\/product\/450","targetHints":{"allow":["GET"]}}],"collection":[{"href":"https:\/\/insaneumatica.com\/index.php\/wp-json\/wp\/v2\/product"}],"about":[{"href":"https:\/\/insaneumatica.com\/index.php\/wp-json\/wp\/v2\/types\/product"}],"replies":[{"embeddable":true,"href":"https:\/\/insaneumatica.com\/index.php\/wp-json\/wp\/v2\/comments?post=450"}],"wp:featuredmedia":[{"embeddable":true,"href":"https:\/\/insaneumatica.com\/index.php\/wp-json\/wp\/v2\/media\/451"}],"wp:attachment":[{"href":"https:\/\/insaneumatica.com\/index.php\/wp-json\/wp\/v2\/media?parent=450"}],"wp:term":[{"taxonomy":"product_cat","embeddable":true,"href":"https:\/\/insaneumatica.com\/index.php\/wp-json\/wp\/v2\/product_cat?post=450"},{"taxonomy":"product_tag","embeddable":true,"href":"https:\/\/insaneumatica.com\/index.php\/wp-json\/wp\/v2\/product_tag?post=450"}],"curies":[{"name":"wp","href":"https:\/\/api.w.org\/{rel}","templated":true}]}}