{"id":444,"date":"2024-05-30T12:28:08","date_gmt":"2024-05-30T12:28:08","guid":{"rendered":"https:\/\/insaneumatica.com\/?post_type=product&#038;p=444"},"modified":"2024-06-25T11:46:27","modified_gmt":"2024-06-25T11:46:27","slug":"cp-2621-atornillador-con-corte","status":"publish","type":"product","link":"https:\/\/insaneumatica.com\/index.php\/producto\/cp-2621-atornillador-con-corte\/","title":{"rendered":"CP 2621 &#8211;  Atornillador con corte"},"content":{"rendered":"<p><span style=\"font-weight: 400\">Ideal para l\u00edneas de montaje de moderadas a intensivas. Vers\u00e1til gracias al par amplio y alto. Bajo nivel de ruido para comodidad del operador. Excelente precisi\u00f3n para diversas aplicaciones.<br \/>\n<\/span><span style=\"font-weight: 400\">Consumo de aire de velocidad libre: 14.6 l\/s<\/span><span style=\"font-weight: 400\"><br \/>\n<\/span><span style=\"font-weight: 400\">Di\u00e1metro: 42 mm<br \/>\n<\/span><span style=\"font-weight: 400\">Longitud: 232 mm<br \/>\n<\/span><span style=\"font-weight: 400\">Max. Trabajo de torque: 4.79 ft.lbs<br \/>\n<\/span><span style=\"font-weight: 400\">Min. Tama\u00f1o de la manguera: 10 mm<br \/>\n<\/span><span style=\"font-weight: 400\">Nivel de ruido: 76 db(A)<br \/>\n<\/span><span style=\"font-weight: 400\">Peso neto: 0.8 kg<\/span><\/p>\n<p><span style=\"font-weight: 400\">\u00a0<\/span><\/p>\n","protected":false},"excerpt":{"rendered":"<p><span style=\"font-weight: 400\">Ideal para l\u00edneas de montaje de moderadas a intensivas. Vers\u00e1til gracias al par amplio y alto. Bajo nivel de ruido para comodidad del operador. Excelente precisi\u00f3n para diversas aplicaciones.<br \/>\n<\/span><span style=\"font-weight: 400\">Consumo de aire de velocidad libre: 14.6 l\/s<\/span><span style=\"font-weight: 400\"><br \/>\n<\/span><span style=\"font-weight: 400\">Di\u00e1metro: 42 mm<br \/>\n<\/span><span style=\"font-weight: 400\">Longitud: 232 mm<br \/>\n<\/span><span style=\"font-weight: 400\">Max. Trabajo de torque: 4.79 ft.lbs<br \/>\n<\/span><span style=\"font-weight: 400\">Min. Tama\u00f1o de la manguera: 10 mm<br \/>\n<\/span><span style=\"font-weight: 400\">Nivel de ruido: 76 db(A)<br \/>\n<\/span><span style=\"font-weight: 400\">Peso neto: 0.8 kg<\/span><\/p>\n<p><span style=\"font-weight: 400\">\u00a0<\/span><\/p>\n","protected":false},"featured_media":445,"comment_status":"closed","ping_status":"closed","template":"","meta":{"_et_pb_use_builder":"","_et_pb_old_content":"","_et_gb_content_width":""},"product_cat":[28],"product_tag":[],"class_list":{"0":"post-444","1":"product","2":"type-product","3":"status-publish","4":"has-post-thumbnail","6":"product_cat-herramientas-neumaticas","8":"first","9":"instock","10":"shipping-taxable","11":"product-type-simple"},"_links":{"self":[{"href":"https:\/\/insaneumatica.com\/index.php\/wp-json\/wp\/v2\/product\/444","targetHints":{"allow":["GET"]}}],"collection":[{"href":"https:\/\/insaneumatica.com\/index.php\/wp-json\/wp\/v2\/product"}],"about":[{"href":"https:\/\/insaneumatica.com\/index.php\/wp-json\/wp\/v2\/types\/product"}],"replies":[{"embeddable":true,"href":"https:\/\/insaneumatica.com\/index.php\/wp-json\/wp\/v2\/comments?post=444"}],"wp:featuredmedia":[{"embeddable":true,"href":"https:\/\/insaneumatica.com\/index.php\/wp-json\/wp\/v2\/media\/445"}],"wp:attachment":[{"href":"https:\/\/insaneumatica.com\/index.php\/wp-json\/wp\/v2\/media?parent=444"}],"wp:term":[{"taxonomy":"product_cat","embeddable":true,"href":"https:\/\/insaneumatica.com\/index.php\/wp-json\/wp\/v2\/product_cat?post=444"},{"taxonomy":"product_tag","embeddable":true,"href":"https:\/\/insaneumatica.com\/index.php\/wp-json\/wp\/v2\/product_tag?post=444"}],"curies":[{"name":"wp","href":"https:\/\/api.w.org\/{rel}","templated":true}]}}