{"id":1022,"date":"2024-08-02T19:28:50","date_gmt":"2024-08-02T19:28:50","guid":{"rendered":"https:\/\/insaneumatica.com\/?post_type=product&#038;p=1022"},"modified":"2024-08-07T11:19:22","modified_gmt":"2024-08-07T11:19:22","slug":"base-de-presostato-t-con-manometro","status":"publish","type":"product","link":"https:\/\/insaneumatica.com\/index.php\/producto\/base-de-presostato-t-con-manometro\/","title":{"rendered":"Conector T + valvula de seguridad + man\u00f3metro 2 grifos"},"content":{"rendered":"","protected":false},"excerpt":{"rendered":"<p>Conector T con v\u00e1lvula de seguridad y man\u00f3metro con 2 salidas 1\/4&#8243; y una salida de 1\/2&#8243;-P\/10HP.<\/p>\n","protected":false},"featured_media":1000,"comment_status":"closed","ping_status":"closed","template":"","meta":{"_et_pb_use_builder":"","_et_pb_old_content":"","_et_gb_content_width":""},"product_cat":[46],"product_tag":[],"class_list":{"0":"post-1022","1":"product","2":"type-product","3":"status-publish","4":"has-post-thumbnail","6":"product_cat-insumos-varios","8":"first","9":"instock","10":"shipping-taxable","11":"product-type-simple"},"_links":{"self":[{"href":"https:\/\/insaneumatica.com\/index.php\/wp-json\/wp\/v2\/product\/1022","targetHints":{"allow":["GET"]}}],"collection":[{"href":"https:\/\/insaneumatica.com\/index.php\/wp-json\/wp\/v2\/product"}],"about":[{"href":"https:\/\/insaneumatica.com\/index.php\/wp-json\/wp\/v2\/types\/product"}],"replies":[{"embeddable":true,"href":"https:\/\/insaneumatica.com\/index.php\/wp-json\/wp\/v2\/comments?post=1022"}],"wp:featuredmedia":[{"embeddable":true,"href":"https:\/\/insaneumatica.com\/index.php\/wp-json\/wp\/v2\/media\/1000"}],"wp:attachment":[{"href":"https:\/\/insaneumatica.com\/index.php\/wp-json\/wp\/v2\/media?parent=1022"}],"wp:term":[{"taxonomy":"product_cat","embeddable":true,"href":"https:\/\/insaneumatica.com\/index.php\/wp-json\/wp\/v2\/product_cat?post=1022"},{"taxonomy":"product_tag","embeddable":true,"href":"https:\/\/insaneumatica.com\/index.php\/wp-json\/wp\/v2\/product_tag?post=1022"}],"curies":[{"name":"wp","href":"https:\/\/api.w.org\/{rel}","templated":true}]}}