{"id":1020,"date":"2024-08-02T17:56:34","date_gmt":"2024-08-02T17:56:34","guid":{"rendered":"https:\/\/insaneumatica.com\/?post_type=product&#038;p=1020"},"modified":"2024-08-02T17:56:34","modified_gmt":"2024-08-02T17:56:34","slug":"mangueras-de-aire","status":"publish","type":"product","link":"https:\/\/insaneumatica.com\/index.php\/producto\/mangueras-de-aire\/","title":{"rendered":"Mangueras de aire"},"content":{"rendered":"","protected":false},"excerpt":{"rendered":"<p>La Manguera espiralada\u00a0 es una herramienta esencial para cualquier trabajo con compresores de aire. Esta manguera est\u00e1 elaborada en PVC de alta calidad, garantizando durabilidad y resistencia. Ideal para su uso con compresores de aire, su dise\u00f1o espiralado permite un f\u00e1cil manejo y almacenamiento. Ofrece la flexibilidad necesaria para alcanzar \u00e1reas de trabajo dif\u00edciles.<\/p>\n","protected":false},"featured_media":998,"comment_status":"closed","ping_status":"closed","template":"","meta":{"_et_pb_use_builder":"","_et_pb_old_content":"","_et_gb_content_width":""},"product_cat":[46],"product_tag":[],"class_list":{"0":"post-1020","1":"product","2":"type-product","3":"status-publish","4":"has-post-thumbnail","6":"product_cat-insumos-varios","8":"first","9":"instock","10":"shipping-taxable","11":"product-type-simple"},"_links":{"self":[{"href":"https:\/\/insaneumatica.com\/index.php\/wp-json\/wp\/v2\/product\/1020","targetHints":{"allow":["GET"]}}],"collection":[{"href":"https:\/\/insaneumatica.com\/index.php\/wp-json\/wp\/v2\/product"}],"about":[{"href":"https:\/\/insaneumatica.com\/index.php\/wp-json\/wp\/v2\/types\/product"}],"replies":[{"embeddable":true,"href":"https:\/\/insaneumatica.com\/index.php\/wp-json\/wp\/v2\/comments?post=1020"}],"wp:featuredmedia":[{"embeddable":true,"href":"https:\/\/insaneumatica.com\/index.php\/wp-json\/wp\/v2\/media\/998"}],"wp:attachment":[{"href":"https:\/\/insaneumatica.com\/index.php\/wp-json\/wp\/v2\/media?parent=1020"}],"wp:term":[{"taxonomy":"product_cat","embeddable":true,"href":"https:\/\/insaneumatica.com\/index.php\/wp-json\/wp\/v2\/product_cat?post=1020"},{"taxonomy":"product_tag","embeddable":true,"href":"https:\/\/insaneumatica.com\/index.php\/wp-json\/wp\/v2\/product_tag?post=1020"}],"curies":[{"name":"wp","href":"https:\/\/api.w.org\/{rel}","templated":true}]}}