{"id":1017,"date":"2024-08-02T17:27:25","date_gmt":"2024-08-02T17:27:25","guid":{"rendered":"https:\/\/insaneumatica.com\/?post_type=product&#038;p=1017"},"modified":"2024-08-02T17:50:41","modified_gmt":"2024-08-02T17:50:41","slug":"filtro-de-aire","status":"publish","type":"product","link":"https:\/\/insaneumatica.com\/index.php\/producto\/filtro-de-aire\/","title":{"rendered":"Filtro de aire"},"content":{"rendered":"","protected":false},"excerpt":{"rendered":"<p>Un filtro de aire para compresor es un dispositivo que filtra part\u00edculas de suciedad y humedad del aire que proviene del compresor. Regula la presi\u00f3n de aire y permite visualizar la presi\u00f3n en el man\u00f3metro, siendo esencial para el correcto funcionamiento del sistema de compresi\u00f3n.<\/p>\n","protected":false},"featured_media":996,"comment_status":"closed","ping_status":"closed","template":"","meta":{"_et_pb_use_builder":"","_et_pb_old_content":"","_et_gb_content_width":""},"product_cat":[46],"product_tag":[],"class_list":{"0":"post-1017","1":"product","2":"type-product","3":"status-publish","4":"has-post-thumbnail","6":"product_cat-insumos-varios","8":"first","9":"instock","10":"shipping-taxable","11":"product-type-simple"},"_links":{"self":[{"href":"https:\/\/insaneumatica.com\/index.php\/wp-json\/wp\/v2\/product\/1017","targetHints":{"allow":["GET"]}}],"collection":[{"href":"https:\/\/insaneumatica.com\/index.php\/wp-json\/wp\/v2\/product"}],"about":[{"href":"https:\/\/insaneumatica.com\/index.php\/wp-json\/wp\/v2\/types\/product"}],"replies":[{"embeddable":true,"href":"https:\/\/insaneumatica.com\/index.php\/wp-json\/wp\/v2\/comments?post=1017"}],"wp:featuredmedia":[{"embeddable":true,"href":"https:\/\/insaneumatica.com\/index.php\/wp-json\/wp\/v2\/media\/996"}],"wp:attachment":[{"href":"https:\/\/insaneumatica.com\/index.php\/wp-json\/wp\/v2\/media?parent=1017"}],"wp:term":[{"taxonomy":"product_cat","embeddable":true,"href":"https:\/\/insaneumatica.com\/index.php\/wp-json\/wp\/v2\/product_cat?post=1017"},{"taxonomy":"product_tag","embeddable":true,"href":"https:\/\/insaneumatica.com\/index.php\/wp-json\/wp\/v2\/product_tag?post=1017"}],"curies":[{"name":"wp","href":"https:\/\/api.w.org\/{rel}","templated":true}]}}