{"id":226,"date":"2024-03-17T23:43:23","date_gmt":"2024-03-17T23:43:23","guid":{"rendered":"https:\/\/insaneumatica.com\/?page_id=226"},"modified":"2025-05-20T15:15:56","modified_gmt":"2025-05-20T15:15:56","slug":"nuestros-productos","status":"publish","type":"page","link":"https:\/\/insaneumatica.com\/index.php\/nuestros-productos\/","title":{"rendered":"Nuestros productos"},"content":{"rendered":"<p>[et_pb_section fb_built=&#8221;1&#8243; _builder_version=&#8221;4.24.2&#8243; _module_preset=&#8221;default&#8221; background_image=&#8221;https:\/\/insaneumatica.com\/wp-content\/uploads\/2024\/03\/todos-productos_top.jpg&#8221; background_last_edited=&#8221;on|phone&#8221; background_image_phone=&#8221;https:\/\/insaneumatica.com\/wp-content\/uploads\/2024\/03\/todos-productos_top_moviles.jpg&#8221; background_enable_image_phone=&#8221;on&#8221; global_colors_info=&#8221;{}&#8221;][et_pb_row _builder_version=&#8221;4.24.0&#8243; _module_preset=&#8221;default&#8221; global_colors_info=&#8221;{}&#8221;][et_pb_column type=&#8221;4_4&#8243; _builder_version=&#8221;4.24.0&#8243; _module_preset=&#8221;default&#8221; global_colors_info=&#8221;{}&#8221;][et_pb_text _builder_version=&#8221;4.24.2&#8243; _module_preset=&#8221;default&#8221; text_font=&#8221;Montserrat|800|||||||&#8221; text_text_color=&#8221;#FFFFFF&#8221; text_font_size=&#8221;38px&#8221; text_line_height=&#8221;1.2em&#8221; custom_margin=&#8221;12%||12%||true|false&#8221; custom_margin_tablet=&#8221;&#8221; custom_margin_phone=&#8221;&#8221; custom_margin_last_edited=&#8221;on|desktop&#8221; text_font_size_tablet=&#8221;&#8221; text_font_size_phone=&#8221;27px&#8221; text_font_size_last_edited=&#8221;on|phone&#8221; global_colors_info=&#8221;{}&#8221;]<\/p>\n<p>NUESTROS<br \/>PRODUCTOS<\/p>\n<p>[\/et_pb_text][\/et_pb_column][\/et_pb_row][\/et_pb_section][et_pb_section fb_built=&#8221;1&#8243; _builder_version=&#8221;4.24.0&#8243; _module_preset=&#8221;default&#8221; custom_margin=&#8221;||-1px|||&#8221; global_colors_info=&#8221;{}&#8221;][et_pb_row column_structure=&#8221;1_4,3_4&#8243; _builder_version=&#8221;4.24.0&#8243; _module_preset=&#8221;default&#8221; custom_margin=&#8221;|auto|3px|auto||&#8221; hover_enabled=&#8221;0&#8243; global_colors_info=&#8221;{}&#8221; sticky_enabled=&#8221;0&#8243;][et_pb_column type=&#8221;1_4&#8243; _builder_version=&#8221;4.24.0&#8243; _module_preset=&#8221;default&#8221; global_colors_info=&#8221;{}&#8221;][et_pb_text _builder_version=&#8221;4.24.0&#8243; _module_preset=&#8221;default&#8221; text_font=&#8221;Montserrat||||||||&#8221; text_text_color=&#8221;#545454&#8243; global_colors_info=&#8221;{}&#8221;]<\/p>\n<p>FILTRAR POR CATEGOR\u00cdA<\/p>\n<p>[\/et_pb_text][et_pb_sidebar _builder_version=&#8221;4.24.0&#8243; _module_preset=&#8221;default&#8221; header_text_color=&#8221;#E02B20&#8243; body_font=&#8221;Montserrat|||on|||||&#8221; body_text_color=&#8221;#6b6b6b&#8221; custom_margin=&#8221;||||false|false&#8221; border_color_all=&#8221;#000000&#8243; border_style_all=&#8221;none&#8221; global_colors_info=&#8221;{}&#8221;][\/et_pb_sidebar][et_pb_text _builder_version=&#8221;4.25.1&#8243; _module_preset=&#8221;default&#8221; text_font=&#8221;Montserrat||||||||&#8221; text_text_color=&#8221;#545454&#8243; global_colors_info=&#8221;{}&#8221;]<\/p>\n<p>FILTRAR POR MARCA<\/p>\n<p>[\/et_pb_text][et_pb_sidebar area=&#8221;et_pb_widget_area_1&#8243; _builder_version=&#8221;4.25.1&#8243; _module_preset=&#8221;default&#8221; global_colors_info=&#8221;{}&#8221;][\/et_pb_sidebar][\/et_pb_column][et_pb_column type=&#8221;3_4&#8243; _builder_version=&#8221;4.24.0&#8243; _module_preset=&#8221;default&#8221; global_colors_info=&#8221;{}&#8221;][et_pb_shop type=&#8221;product_category&#8221; show_pagination=&#8221;on&#8221; include_categories=&#8221;all&#8221; columns_number=&#8221;3&#8243; _builder_version=&#8221;4.25.1&#8243; _module_preset=&#8221;default&#8221; title_font=&#8221;Montserrat|500|||||||&#8221; title_text_color=&#8221;#686868&#8243; title_font_size=&#8221;17px&#8221; custom_css_free_form=&#8221;\/*Estilo de wp-pagenavi pagination links*\/||||.woocommerce-pagination a,||.woocommerce-pagination span {||\tcolor: #ffffff;||\tbackground: #878787;||\tfont-size: 1em !important;||\tline-height: 1em;||\tfont-weight: bold !important;||\tpadding: 0.45em 0.8em !important;||\tborder-radius: 0px;||\ttransition: all .5s;||}||||||\/*Estilo de wp-pagenavi numero de pagina activo*\/||||.woocommerce-pagination span.current {||\tcolor: #ffffff !important;||\tbackground: #f58220 !important;||\tborder-radius: 0px;||}||||||\/*Estilo de wp-pagenavi pagination links on hover*\/||||.woocommerce-pagination a:hover {||\tcolor: #ffffff!important;||\tbackground: #f58220!important;||}||||||\/*Estilo de wp-pagenavi textos de paginas*\/||||.woocommerce-pagination .pages {||\tbackground: none;||}||||||\/*remover borde y centrar el wp-pagenavi links*\/||||.woocommerce-pagination {||\tborder-top: none;||\ttext-align: center;||}&#8221; global_colors_info=&#8221;{}&#8221;][\/et_pb_shop][\/et_pb_column][\/et_pb_row][\/et_pb_section][et_pb_section fb_built=&#8221;1&#8243; _builder_version=&#8221;4.24.0&#8243; _module_preset=&#8221;default&#8221; background_color=&#8221;#6d6e70&#8243; global_colors_info=&#8221;{}&#8221;][et_pb_row column_structure=&#8221;1_2,1_2&#8243; _builder_version=&#8221;4.24.0&#8243; _module_preset=&#8221;default&#8221; global_colors_info=&#8221;{}&#8221;][et_pb_column type=&#8221;1_2&#8243; _builder_version=&#8221;4.24.0&#8243; _module_preset=&#8221;default&#8221; global_colors_info=&#8221;{}&#8221;][et_pb_image src=&#8221;https:\/\/insaneumatica.com\/wp-content\/uploads\/2024\/02\/logo-insarg-bottom-bl.png&#8221; title_text=&#8221;logo-insarg-bottom-bl&#8221; align_tablet=&#8221;&#8221; align_phone=&#8221;center&#8221; align_last_edited=&#8221;on|phone&#8221; _builder_version=&#8221;4.24.0&#8243; _module_preset=&#8221;default&#8221; width=&#8221;60%&#8221; width_tablet=&#8221;60%&#8221; width_phone=&#8221;65%&#8221; width_last_edited=&#8221;on|phone&#8221; global_colors_info=&#8221;{}&#8221;][\/et_pb_image][\/et_pb_column][et_pb_column type=&#8221;1_2&#8243; _builder_version=&#8221;4.24.0&#8243; _module_preset=&#8221;default&#8221; global_colors_info=&#8221;{}&#8221;][et_pb_image src=&#8221;https:\/\/insaneumatica.com\/wp-content\/uploads\/2025\/05\/Texto-2-1.png&#8221; _builder_version=&#8221;4.27.0&#8243; _module_preset=&#8221;default&#8221; global_colors_info=&#8221;{}&#8221;][\/et_pb_image][\/et_pb_column][\/et_pb_row][et_pb_row column_structure=&#8221;1_2,1_2&#8243; _builder_version=&#8221;4.24.0&#8243; _module_preset=&#8221;default&#8221; global_colors_info=&#8221;{}&#8221;][et_pb_column type=&#8221;1_2&#8243; _builder_version=&#8221;4.24.0&#8243; _module_preset=&#8221;default&#8221; global_colors_info=&#8221;{}&#8221;][et_pb_text content_tablet=&#8221;<\/p>\n<p>Av. Provincias Unidas 921<br \/>S2000 Rosario, Santa Fe<br \/>0341 457-7561<\/p>\n<p>&#8221; content_phone=&#8221;<\/p>\n<p>Av. Provincias Unidas 921<br \/>S2000 Rosario, Santa Fe<br \/>0341 457-7561<\/p>\n<p>&#8221; content_last_edited=&#8221;on|phone&#8221; _builder_version=&#8221;4.24.0&#8243; _module_preset=&#8221;default&#8221; text_font=&#8221;Montserrat||||||||&#8221; text_text_color=&#8221;#FFFFFF&#8221; text_font_size=&#8221;17px&#8221; header_font=&#8221;Montserrat|800|||||||&#8221; header_text_color=&#8221;#58585b&#8221; header_font_size=&#8221;32px&#8221; header_2_font=&#8221;Montserrat|700|||||||&#8221; header_2_text_color=&#8221;#f5821f&#8221; header_2_font_size=&#8221;21px&#8221; text_font_size_tablet=&#8221;21px&#8221; text_font_size_phone=&#8221;17px&#8221; text_font_size_last_edited=&#8221;on|phone&#8221; text_line_height_tablet=&#8221;&#8221; text_line_height_phone=&#8221;1.2em&#8221; text_line_height_last_edited=&#8221;on|phone&#8221; header_font_size_tablet=&#8221;32px&#8221; header_font_size_phone=&#8221;23px&#8221; header_font_size_last_edited=&#8221;on|phone&#8221; global_colors_info=&#8221;{}&#8221;]<\/p>\n<p>Av. Provincias Unidas 921<br \/>S2000 Rosario, Santa Fe<br \/>0341 457-7561<\/p>\n<p>[\/et_pb_text][\/et_pb_column][et_pb_column type=&#8221;1_2&#8243; _builder_version=&#8221;4.24.0&#8243; _module_preset=&#8221;default&#8221; global_colors_info=&#8221;{}&#8221;][et_pb_text content_tablet=&#8221;<\/p>\n<p>COMPRESORES<br \/>HERRAMIENTAS NEUM\u00c1TICAS<br \/>L\u00cdNEAS DE AIRE<br \/>SERVICIOS<br \/>CONTACTO<\/p>\n<p>&#8221; content_phone=&#8221;<\/p>\n<p>COMPRESORES<br \/>HERRAMIENTAS NEUM\u00c1TICAS<br \/>L\u00cdNEAS DE AIRE<br \/>SERVICIOS<br \/>CONTACTO<\/p>\n<p>&#8221; content_last_edited=&#8221;on|phone&#8221; _builder_version=&#8221;4.24.0&#8243; _module_preset=&#8221;default&#8221; text_font=&#8221;Montserrat||||||||&#8221; text_text_color=&#8221;#FFFFFF&#8221; text_font_size=&#8221;17px&#8221; header_font=&#8221;Montserrat|800|||||||&#8221; header_text_color=&#8221;#58585b&#8221; header_font_size=&#8221;32px&#8221; header_2_font=&#8221;Montserrat|700|||||||&#8221; header_2_text_color=&#8221;#f5821f&#8221; header_2_font_size=&#8221;21px&#8221; text_font_size_tablet=&#8221;21px&#8221; text_font_size_phone=&#8221;17px&#8221; text_font_size_last_edited=&#8221;on|phone&#8221; text_line_height_tablet=&#8221;&#8221; text_line_height_phone=&#8221;1.2em&#8221; text_line_height_last_edited=&#8221;on|phone&#8221; header_font_size_tablet=&#8221;32px&#8221; header_font_size_phone=&#8221;23px&#8221; header_font_size_last_edited=&#8221;on|phone&#8221; global_colors_info=&#8221;{}&#8221;]<\/p>\n<p>COMPRESORES<br \/>HERRAMIENTAS NEUM\u00c1TICAS<br \/>L\u00cdNEAS DE AIRE<br \/>SERVICIOS<br \/>CONTACTO<\/p>\n<p>[\/et_pb_text][\/et_pb_column][\/et_pb_row][\/et_pb_section]<\/p>\n","protected":false},"excerpt":{"rendered":"<p>NUESTROSPRODUCTOSFILTRAR POR CATEGOR\u00cdAFILTRAR POR MARCAAv. Provincias Unidas 921S2000 Rosario, Santa Fe0341 457-7561COMPRESORESHERRAMIENTAS NEUM\u00c1TICASL\u00cdNEAS DE AIRESERVICIOSCONTACTO<\/p>\n","protected":false},"author":1,"featured_media":0,"parent":0,"menu_order":0,"comment_status":"closed","ping_status":"closed","template":"","meta":{"_et_pb_use_builder":"on","_et_pb_old_content":"","_et_gb_content_width":"","footnotes":""},"class_list":["post-226","page","type-page","status-publish","hentry"],"_links":{"self":[{"href":"https:\/\/insaneumatica.com\/index.php\/wp-json\/wp\/v2\/pages\/226","targetHints":{"allow":["GET"]}}],"collection":[{"href":"https:\/\/insaneumatica.com\/index.php\/wp-json\/wp\/v2\/pages"}],"about":[{"href":"https:\/\/insaneumatica.com\/index.php\/wp-json\/wp\/v2\/types\/page"}],"author":[{"embeddable":true,"href":"https:\/\/insaneumatica.com\/index.php\/wp-json\/wp\/v2\/users\/1"}],"replies":[{"embeddable":true,"href":"https:\/\/insaneumatica.com\/index.php\/wp-json\/wp\/v2\/comments?post=226"}],"version-history":[{"count":13,"href":"https:\/\/insaneumatica.com\/index.php\/wp-json\/wp\/v2\/pages\/226\/revisions"}],"predecessor-version":[{"id":1176,"href":"https:\/\/insaneumatica.com\/index.php\/wp-json\/wp\/v2\/pages\/226\/revisions\/1176"}],"wp:attachment":[{"href":"https:\/\/insaneumatica.com\/index.php\/wp-json\/wp\/v2\/media?parent=226"}],"curies":[{"name":"wp","href":"https:\/\/api.w.org\/{rel}","templated":true}]}}